{"id":10949,"date":"2019-08-07T12:07:05","date_gmt":"2019-08-07T10:07:05","guid":{"rendered":"https:\/\/www.on-frame.com\/page\/privacy-policy\/"},"modified":"2022-12-01T11:00:45","modified_gmt":"2022-12-01T10:00:45","slug":"privacy-policy","status":"publish","type":"page","link":"https:\/\/www.on-frame.com\/es\/page\/privacy-policy\/","title":{"rendered":"Privacy Policy"},"content":{"rendered":"\t\t<div data-elementor-type=\"wp-page\" data-elementor-id=\"10949\" class=\"elementor elementor-10949 elementor-3\">\n\t\t\t\t\t\t<div class=\"elementor-inner\">\n\t\t\t\t<div class=\"elementor-section-wrap\">\n\t\t\t\t\t\t\t\t\t<section class=\"elementor-section elementor-top-section elementor-element elementor-element-58bf363 elementor-section-boxed elementor-section-height-default elementor-section-height-default\" data-id=\"58bf363\" data-element_type=\"section\">\n\t\t\t\t\t\t<div class=\"elementor-container elementor-column-gap-default\">\n\t\t\t\t\t\t\t<div class=\"elementor-row\">\n\t\t\t\t\t<div class=\"elementor-column elementor-col-100 elementor-top-column elementor-element elementor-element-2c34e025\" data-id=\"2c34e025\" data-element_type=\"column\">\n\t\t\t<div class=\"elementor-column-wrap elementor-element-populated\">\n\t\t\t\t\t\t\t<div class=\"elementor-widget-wrap\">\n\t\t\t\t\t\t<div class=\"elementor-element elementor-element-757dedda elementor-widget elementor-widget-text-editor\" data-id=\"757dedda\" data-element_type=\"widget\" data-widget_type=\"text-editor.default\">\n\t\t\t\t<div class=\"elementor-widget-container\">\n\t\t\t\t\t\t\t\t<div class=\"elementor-text-editor elementor-clearfix\">\n\t\t\t\t<h1>Pol\u00edtica de privacidad<\/h1><p>De conformidad con el art\u00edculo 13 del Reglamento Europeo 2016\/679 (el\u00bbReglamento de Privacidad\u00bb), ONFRAME SRL tiene la intenci\u00f3n de informar a todos los usuarios y\/o visitantes del sitio www.on-frame.com (respectivamente, los\u00bbUsuarios\u00bb y el \u00abSitio\u00bb), sobre el uso de los datos personales, los archivos de registro y las cookies recopilados a trav\u00e9s del Sitio.<\/p><p>\u00a0<br \/><span style=\"font-family: Montserrat, sans-serif; font-size: 1.8rem;\">1. Titular y Responsable de la protecci\u00f3n de datos<\/span><\/p><p>El titular del tratamiento de los datos personales es ONFRAME SRL (C.F. y C.I.F. n\u00ba 04236430981) con domicilio social en Catelmella (BS), Italia, correo electr\u00f3nico info@on-frame.com, (en adelante el \u00abTitular\u00bb).<\/p><h2>2. Informaci\u00f3n recopilada por el Sitio<\/h2><p><b>a) autom\u00e1ticamente<\/b><br \/>&#8211; datos de navegaci\u00f3n:<br \/>Los sistemas inform\u00e1ticos y los procedimientos de software utilizados para el funcionamiento de este sitio adquieren, en el curso de su operaci\u00f3n normal, ciertos datos personales cuya transmisi\u00f3n est\u00e1 impl\u00edcita en el uso de los protocolos de comunicaci\u00f3n de Internet.<br \/>Estos datos, necesarios para el uso de los servicios web, tambi\u00e9n se tratan con el fin de:<br \/>\u2022 obtener informaci\u00f3n estad\u00edstica sobre el uso de los servicios<br \/>\u2022 comprobar el buen funcionamiento de los servicios ofrecidos.<br \/>Los datos de navegaci\u00f3n no se conservan durante m\u00e1s de 180 d\u00edas (salvo en el caso de investigaciones penales por parte de las autoridades judiciales).<\/p><p><b>b) comunicados por el usuario <\/b><br \/>&#8211; Datos comunicados por el usuario:<br \/>El env\u00edo facultativo, expl\u00edcito y voluntario de datos a trav\u00e9s de los varios formularios de cumplimentaci\u00f3n del sitio web conlleva la adquisici\u00f3n de los datos del remitente, que son necesarios para atender las solicitudes de contacto, entrega de productos y\/o servicios, asignaci\u00f3n de credenciales.<\/p><p><b>c) a trav\u00e9s de las cookies<\/b><br \/>El sitio utiliza cookies, para lo cual puede consultar la pol\u00edtica ampliada de \u00abcookies de privacidad\u00bb.<\/p><h2>3. Tipos de datos personales, finalidades, base jur\u00eddica y plazos de conservaci\u00f3n<\/h2><p>Necesitamos los datos personales solicitados y proporcionados para que pueda acceder al sitio y utilizar los siguientes servicios:<\/p><p>Tipo de servicio: acceso al \u00e1rea reservada\/de descarga<br \/>Tipo de datos personales recogidos: datos personales, credenciales de acceso, contactos<br \/>Finalidades: Permitir el acceso al material dedicado exclusivamente a las personas registradas (\u00c1rea reservada);<br \/>Base legal: ejecuci\u00f3n del contrato<br \/>Tiempo de conservaci\u00f3n: hasta la solicitud de eliminaci\u00f3n del \u00e1rea reservada<br \/>Tipo de servicio: \u00e1rea de contactos para productos\/servicios<br \/>Tipo de datos personales recogidos: datos personales, datos de contacto (por ejemplo, correo electr\u00f3nico, n\u00fameros de tel\u00e9fono, etc.)<br \/>Finalidad: adquirir, mediante la cumplimentaci\u00f3n de un formulario espec\u00edfico, las referencias de los usuarios del sitio con el fin de satisfacer las solicitudes de informaci\u00f3n\/contacto comercial (\u00c1rea de Contactos)<br \/>Base jur\u00eddica: ejecuci\u00f3n de contrato e inter\u00e9s leg\u00edtimo.<br \/>Tiempos de conservaci\u00f3n: 24 meses despu\u00e9s de la adquisici\u00f3n o renovaci\u00f3n del contacto o hasta la revocaci\u00f3n del mismo<br \/>Tipo de servicio: uso del servicio de comercio electr\u00f3nico;<br \/>Tipo de datos personales recogidos: datos personales, datos de contacto (por ejemplo: correo electr\u00f3nico, n\u00fameros de tel\u00e9fono..), datos bancarios\/financieros.<br \/>Finalidad: ejecuci\u00f3n de un CONTRATO DE COMPRA DE PRODUCTOS-SERVICIOS (E-COMMERCE)<br \/>Base legal: ejecuci\u00f3n de un contrato<br \/>Plazo de conservaci\u00f3n: hasta el cumplimiento de las obligaciones de derecho civil<br \/>Tipo de servicio: servicio de newsletter;<br \/>Tipo de datos personales recogidos: datos personales, datos de contacto por correo electr\u00f3nico.<br \/>Finalidad: contactar con los suscriptores con el env\u00edo de una newsletter peri\u00f3dica relativa a las actividades propias de la empresa; (NEWSLETTER)<br \/>Base legal: consentimiento<br \/>Per\u00edodo de conservaci\u00f3n: hasta la revocaci\u00f3n del consentimiento<\/p><p>El tratamiento de los datos para las finalidades anteriores se realizar\u00e1 de acuerdo con el Reglamento de Privacidad y toda la normativa espec\u00edfica del sector.<\/p><p>Los datos facilitados ser\u00e1n tratados principalmente mediante instrumentos inform\u00e1ticos bajo la autoridad del Titular del tratamiento, por personas espec\u00edficamente instruidas, autorizadas y formadas para tratarlos de acuerdo con los art\u00edculos 28 y 29 del Reglamento de Privacidad. Tenga en cuenta que se respetan las medidas de seguridad adecuadas, tambi\u00e9n de conformidad con los art\u00edculos 5 y 32 del Reglamento de Privacidad, para evitar la p\u00e9rdida de datos, el uso ilegal o incorrecto y el acceso no autorizado.<\/p><h2>4. Car\u00e1cter obligatorio u opcional del consentimiento para proporcionar datos<\/h2><p>El suministro de datos es opcional, pero si no se proporciona, no ser\u00e1 posible utilizar algunos de los servicios de nuestro sitio.<\/p><p>\u00a0<\/p><h2>5. En qu\u00e9 \u00e1mbitos podemos transmitir los datos<\/h2><p>Los datos podr\u00e1n ser comunicados dentro de la UE, en pleno cumplimiento de las disposiciones del Reglamento de Privacidad, a las siguientes entidades:<\/p><p>(1) a la administraci\u00f3n financiera y\/u otras autoridades p\u00fablicas, cuando lo exija la ley o a petici\u00f3n suya;<\/p><p>(2) a estructuras, entidades y empresas externas que el Titular utiliza para llevar a cabo actividades relacionadas, instrumentales o consecuentes con la ejecuci\u00f3n de los Servicios del Sitio;<\/p><p>(3) a entidades de cr\u00e9dito con fines instrumentales para la posible compra de bienes\/servicios si existe un \u00e1rea de comercio electr\u00f3nico.<\/p><p>La informaci\u00f3n recopilada autom\u00e1ticamente por el Sitio tambi\u00e9n puede ser transferida a servidores en la nube de terceros ubicados fuera de la UE, si dicho procesamiento es necesario para la ejecuci\u00f3n de los servicios del sitio. La base jur\u00eddica de este tratamiento es, por tanto, el art\u00edculo 49, apartado 1, letra b), del Reglamento sobre la privacidad.<\/p><h2>6. Medidas de seguridad<\/h2><p>A trav\u00e9s del Sitio los datos se procesan de acuerdo con la legislaci\u00f3n aplicable y utilizando las medidas de seguridad adecuadas de acuerdo con la legislaci\u00f3n vigente, tambi\u00e9n de acuerdo con los art\u00edculos 5 y 32 del Reglamento de Privacidad.<br \/>En este sentido, confirmamos, entre otras cosas, la adopci\u00f3n de medidas de seguridad adecuadas para evitar el acceso no autorizado, el robo, la divulgaci\u00f3n, la modificaci\u00f3n o la destrucci\u00f3n de los datos procesados.<\/p><h2>7. Derechos<\/h2><p>Tenga en cuenta que puede ejercer sus derechos en virtud de los art\u00edculos 15 y sucesivos del Reglamento de Privacidad en cualquier momento enviando una comunicaci\u00f3n escrita a los datos de contacto del Titular con el fin de obtener:<br \/>&#8211; la confirmaci\u00f3n de la existencia o inexistencia de los datos personales con indicaci\u00f3n de su origen, la comprobaci\u00f3n de su exactitud o la solicitud de que se actualicen, rectifiquen o completen;<br \/>&#8211; el acceso, la eliminaci\u00f3n de los datos o la limitaci\u00f3n de su tratamiento;<br \/>&#8211; la transformaci\u00f3n en forma an\u00f3nima o el bloqueo de los datos tratados en violaci\u00f3n de la ley.<\/p><p>Tambi\u00e9n puede oponerse al tratamiento de los datos personales previamente facilitados.<br \/>En relaci\u00f3n con la newsletter, cabe se\u00f1alar que cualquier solicitud de cancelaci\u00f3n puede hacerse expl\u00edcita mediante el uso de un enlace\/bot\u00f3n adecuado.<\/p><h2>8. Cambios en la pol\u00edtica de privacidad<\/h2><p>El Titular se reserva el derecho de introducir cambios en esta Pol\u00edtica de Privacidad sustituyendo las versiones anteriores. Este anuncio fue publicado en marzo de 2021.<br \/>Mediante la nota informativa emitica en marzo de 2021.<\/p>\t\t\t\t\t<\/div>\n\t\t\t\t\t\t<\/div>\n\t\t\t\t<\/div>\n\t\t\t\t\t\t<\/div>\n\t\t\t\t\t<\/div>\n\t\t<\/div>\n\t\t\t\t\t\t\t\t<\/div>\n\t\t\t\t\t<\/div>\n\t\t<\/section>\n\t\t\t\t\t\t\t\t\t<\/div>\n\t\t\t<\/div>\n\t\t\t\t\t<\/div>\n\t\t","protected":false},"excerpt":{"rendered":"<p>Pol\u00edtica de privacidad De conformidad con el art\u00edculo 13 del Reglamento Europeo 2016\/679 (el\u00bbReglamento de [&hellip;]<\/p>\n","protected":false},"author":1,"featured_media":0,"parent":0,"menu_order":0,"comment_status":"closed","ping_status":"open","template":"","meta":{"_acf_changed":false,"inline_featured_image":false,"footnotes":""},"class_list":["post-10949","page","type-page","status-publish","hentry"],"acf":[],"yoast_head":"<!-- This site is optimized with the Yoast SEO plugin v24.8.1 - https:\/\/yoast.com\/wordpress\/plugins\/seo\/ -->\n<title>Onframe - Privacy Policy<\/title>\n<meta name=\"description\" content=\"De conformidad con el art\u00edculo 13 del Reglamento Europeo 2016\/679 (el&quot;Reglamento de Privacidad&quot;), ONFRAME SRL tiene la intenci\u00f3n de informar a todos los usuarios y\/o visitantes del sitio www.on-frame.com\" \/>\n<meta name=\"robots\" content=\"index, follow, max-snippet:-1, max-image-preview:large, max-video-preview:-1\" \/>\n<link rel=\"canonical\" href=\"https:\/\/www.on-frame.com\/es\/page\/privacy-policy\/\" \/>\n<meta property=\"og:locale\" content=\"es_ES\" \/>\n<meta property=\"og:type\" content=\"article\" \/>\n<meta property=\"og:title\" content=\"Onframe - Privacy Policy\" \/>\n<meta property=\"og:description\" content=\"De conformidad con el art\u00edculo 13 del Reglamento Europeo 2016\/679 (el&quot;Reglamento de Privacidad&quot;), ONFRAME SRL tiene la intenci\u00f3n de informar a todos los usuarios y\/o visitantes del sitio www.on-frame.com\" \/>\n<meta property=\"og:url\" content=\"https:\/\/www.on-frame.com\/es\/page\/privacy-policy\/\" \/>\n<meta property=\"og:site_name\" content=\"Onframe\" \/>\n<meta property=\"article:modified_time\" content=\"2022-12-01T10:00:45+00:00\" \/>\n<meta name=\"twitter:card\" content=\"summary_large_image\" \/>\n<meta name=\"twitter:label1\" content=\"Tiempo de lectura\" \/>\n\t<meta name=\"twitter:data1\" content=\"6 minutos\" \/>\n<script type=\"application\/ld+json\" class=\"yoast-schema-graph\">{\"@context\":\"https:\/\/schema.org\",\"@graph\":[{\"@type\":\"WebPage\",\"@id\":\"https:\/\/www.on-frame.com\/es\/page\/privacy-policy\/\",\"url\":\"https:\/\/www.on-frame.com\/es\/page\/privacy-policy\/\",\"name\":\"Onframe - Privacy Policy\",\"isPartOf\":{\"@id\":\"https:\/\/www.on-frame.com\/#website\"},\"datePublished\":\"2019-08-07T10:07:05+00:00\",\"dateModified\":\"2022-12-01T10:00:45+00:00\",\"description\":\"De conformidad con el art\u00edculo 13 del Reglamento Europeo 2016\/679 (el\\\"Reglamento de Privacidad\\\"), ONFRAME SRL tiene la intenci\u00f3n de informar a todos los usuarios y\/o visitantes del sitio www.on-frame.com\",\"breadcrumb\":{\"@id\":\"https:\/\/www.on-frame.com\/es\/page\/privacy-policy\/#breadcrumb\"},\"inLanguage\":\"es\",\"potentialAction\":[{\"@type\":\"ReadAction\",\"target\":[\"https:\/\/www.on-frame.com\/es\/page\/privacy-policy\/\"]}]},{\"@type\":\"BreadcrumbList\",\"@id\":\"https:\/\/www.on-frame.com\/es\/page\/privacy-policy\/#breadcrumb\",\"itemListElement\":[{\"@type\":\"ListItem\",\"position\":1,\"name\":\"Home\",\"item\":\"https:\/\/www.on-frame.com\/es\/\"},{\"@type\":\"ListItem\",\"position\":2,\"name\":\"Privacy Policy\"}]},{\"@type\":\"WebSite\",\"@id\":\"https:\/\/www.on-frame.com\/#website\",\"url\":\"https:\/\/www.on-frame.com\/\",\"name\":\"Onframe\",\"description\":\"Frame e Lightbox, insegne modulari per ogni ambiente\",\"potentialAction\":[{\"@type\":\"SearchAction\",\"target\":{\"@type\":\"EntryPoint\",\"urlTemplate\":\"https:\/\/www.on-frame.com\/?s={search_term_string}\"},\"query-input\":{\"@type\":\"PropertyValueSpecification\",\"valueRequired\":true,\"valueName\":\"search_term_string\"}}],\"inLanguage\":\"es\"}]}<\/script>\n<!-- \/ Yoast SEO plugin. -->","yoast_head_json":{"title":"Onframe - Privacy Policy","description":"De conformidad con el art\u00edculo 13 del Reglamento Europeo 2016\/679 (el\"Reglamento de Privacidad\"), ONFRAME SRL tiene la intenci\u00f3n de informar a todos los usuarios y\/o visitantes del sitio www.on-frame.com","robots":{"index":"index","follow":"follow","max-snippet":"max-snippet:-1","max-image-preview":"max-image-preview:large","max-video-preview":"max-video-preview:-1"},"canonical":"https:\/\/www.on-frame.com\/es\/page\/privacy-policy\/","og_locale":"es_ES","og_type":"article","og_title":"Onframe - Privacy Policy","og_description":"De conformidad con el art\u00edculo 13 del Reglamento Europeo 2016\/679 (el\"Reglamento de Privacidad\"), ONFRAME SRL tiene la intenci\u00f3n de informar a todos los usuarios y\/o visitantes del sitio www.on-frame.com","og_url":"https:\/\/www.on-frame.com\/es\/page\/privacy-policy\/","og_site_name":"Onframe","article_modified_time":"2022-12-01T10:00:45+00:00","twitter_card":"summary_large_image","twitter_misc":{"Tiempo de lectura":"6 minutos"},"schema":{"@context":"https:\/\/schema.org","@graph":[{"@type":"WebPage","@id":"https:\/\/www.on-frame.com\/es\/page\/privacy-policy\/","url":"https:\/\/www.on-frame.com\/es\/page\/privacy-policy\/","name":"Onframe - Privacy Policy","isPartOf":{"@id":"https:\/\/www.on-frame.com\/#website"},"datePublished":"2019-08-07T10:07:05+00:00","dateModified":"2022-12-01T10:00:45+00:00","description":"De conformidad con el art\u00edculo 13 del Reglamento Europeo 2016\/679 (el\"Reglamento de Privacidad\"), ONFRAME SRL tiene la intenci\u00f3n de informar a todos los usuarios y\/o visitantes del sitio www.on-frame.com","breadcrumb":{"@id":"https:\/\/www.on-frame.com\/es\/page\/privacy-policy\/#breadcrumb"},"inLanguage":"es","potentialAction":[{"@type":"ReadAction","target":["https:\/\/www.on-frame.com\/es\/page\/privacy-policy\/"]}]},{"@type":"BreadcrumbList","@id":"https:\/\/www.on-frame.com\/es\/page\/privacy-policy\/#breadcrumb","itemListElement":[{"@type":"ListItem","position":1,"name":"Home","item":"https:\/\/www.on-frame.com\/es\/"},{"@type":"ListItem","position":2,"name":"Privacy Policy"}]},{"@type":"WebSite","@id":"https:\/\/www.on-frame.com\/#website","url":"https:\/\/www.on-frame.com\/","name":"Onframe","description":"Frame e Lightbox, insegne modulari per ogni ambiente","potentialAction":[{"@type":"SearchAction","target":{"@type":"EntryPoint","urlTemplate":"https:\/\/www.on-frame.com\/?s={search_term_string}"},"query-input":{"@type":"PropertyValueSpecification","valueRequired":true,"valueName":"search_term_string"}}],"inLanguage":"es"}]}},"_links":{"self":[{"href":"https:\/\/www.on-frame.com\/es\/wp-json\/wp\/v2\/pages\/10949"}],"collection":[{"href":"https:\/\/www.on-frame.com\/es\/wp-json\/wp\/v2\/pages"}],"about":[{"href":"https:\/\/www.on-frame.com\/es\/wp-json\/wp\/v2\/types\/page"}],"author":[{"embeddable":true,"href":"https:\/\/www.on-frame.com\/es\/wp-json\/wp\/v2\/users\/1"}],"replies":[{"embeddable":true,"href":"https:\/\/www.on-frame.com\/es\/wp-json\/wp\/v2\/comments?post=10949"}],"version-history":[{"count":3,"href":"https:\/\/www.on-frame.com\/es\/wp-json\/wp\/v2\/pages\/10949\/revisions"}],"predecessor-version":[{"id":10952,"href":"https:\/\/www.on-frame.com\/es\/wp-json\/wp\/v2\/pages\/10949\/revisions\/10952"}],"wp:attachment":[{"href":"https:\/\/www.on-frame.com\/es\/wp-json\/wp\/v2\/media?parent=10949"}],"curies":[{"name":"wp","href":"https:\/\/api.w.org\/{rel}","templated":true}]}}