{"id":10895,"date":"2020-12-17T16:26:40","date_gmt":"2020-12-17T15:26:40","guid":{"rendered":"https:\/\/www.on-frame.com\/page\/chi-siamo-2\/"},"modified":"2026-03-25T16:41:39","modified_gmt":"2026-03-25T15:41:39","slug":"quienes-somos","status":"publish","type":"page","link":"https:\/\/www.on-frame.com\/es\/page\/quienes-somos\/","title":{"rendered":"Qui\u00e9nes somos"},"content":{"rendered":"\t\t<div data-elementor-type=\"wp-page\" data-elementor-id=\"10895\" class=\"elementor elementor-10895 elementor-2561\">\n\t\t\t\t\t\t<div class=\"elementor-inner\">\n\t\t\t\t<div class=\"elementor-section-wrap\">\n\t\t\t\t\t\t\t\t\t<section class=\"elementor-section elementor-top-section elementor-element elementor-element-2e53c74 elementor-section-boxed elementor-section-height-default elementor-section-height-default\" data-id=\"2e53c74\" data-element_type=\"section\">\n\t\t\t\t\t\t<div class=\"elementor-container elementor-column-gap-default\">\n\t\t\t\t\t\t\t<div class=\"elementor-row\">\n\t\t\t\t\t<div class=\"elementor-column elementor-col-100 elementor-top-column elementor-element elementor-element-ef1b57f\" data-id=\"ef1b57f\" data-element_type=\"column\">\n\t\t\t<div class=\"elementor-column-wrap elementor-element-populated\">\n\t\t\t\t\t\t\t<div class=\"elementor-widget-wrap\">\n\t\t\t\t\t\t<div class=\"elementor-element elementor-element-206b4bc elementor-widget elementor-widget-text-editor\" data-id=\"206b4bc\" data-element_type=\"widget\" data-widget_type=\"text-editor.default\">\n\t\t\t\t<div class=\"elementor-widget-container\">\n\t\t\t\t\t\t\t\t<div class=\"elementor-text-editor elementor-clearfix\">\n\t\t\t\t<h1>Qui\u00e9nes somos<\/h1><p><strong><br \/><span style=\"color: #8ba9d2;\">EL MARCO CON UN PERFIL ELEGANTE<br \/><\/span><\/strong><strong style=\"color: #8ba9d2; font-family: var( --e-global-typography-text-font-family ), \\'Lato\\';\">Cambia tu entorno respet\u00e1ndolo<br \/><br \/><\/strong><\/p><p>Onframe es el nuevo portal dedicado a soluciones de acondicionamiento InStore personalizadas y dise\u00f1adas por el Gruppo Masserdotti. Onframe facilita la renovaci\u00f3n de cualquier ambiente creando nuevos espacios con productos personalizables. Un proyecto in\u00e9dito que ofrece por primera vez en una tienda online elegantes marcos de perfiles de aluminio con tejidos personalizables. Una gran soluci\u00f3n para decorar tus ambientes, renov\u00e1ndolos peri\u00f3dicamente sin tener que volver a comprar la estructura, sino simplemente sustituyendo las impresiones para un cambio de imagen r\u00e1pido y sencillo.<\/p><p>Los marcos, disponibles en versi\u00f3n de suelo o de pared se pueden configurar en forma y tama\u00f1o, a una o dos caras, y pueden integrarse con iluminaci\u00f3n LED para un efecto a\u00fan m\u00e1s exclusivo. Productos de alta calidad, todos con un alma verde. De hecho, Onframe utiliza tecnolog\u00edas sostenibles para todos los procesos, como los sistemas de impresi\u00f3n por sublimaci\u00f3n ecol\u00f3gicos y las tintas a base de agua sin COV (disolventes qu\u00edmicos en las tintas), que facilitan la transpirabilidad del tejido, que es completamente inodoro, lo que lo hace ideal para su uso en interiores. Adem\u00e1s, las telas impresas pueden ser totalmente recicladas y devueltas al mercado para una nueva vida y un mundo m\u00e1s sostenible.<\/p>\t\t\t\t\t<\/div>\n\t\t\t\t\t\t<\/div>\n\t\t\t\t<\/div>\n\t\t\t\t\t\t<\/div>\n\t\t\t\t\t<\/div>\n\t\t<\/div>\n\t\t\t\t\t\t\t\t<\/div>\n\t\t\t\t\t<\/div>\n\t\t<\/section>\n\t\t\t\t<section class=\"elementor-section elementor-top-section elementor-element elementor-element-f3f06ba elementor-section-boxed elementor-section-height-default elementor-section-height-default\" data-id=\"f3f06ba\" data-element_type=\"section\" data-settings=\"{&quot;background_background&quot;:&quot;classic&quot;}\">\n\t\t\t\t\t\t<div class=\"elementor-container elementor-column-gap-default\">\n\t\t\t\t\t\t\t<div class=\"elementor-row\">\n\t\t\t\t\t<div class=\"elementor-column elementor-col-33 elementor-top-column elementor-element elementor-element-ac9eac5\" data-id=\"ac9eac5\" data-element_type=\"column\">\n\t\t\t<div class=\"elementor-column-wrap elementor-element-populated\">\n\t\t\t\t\t\t\t<div class=\"elementor-widget-wrap\">\n\t\t\t\t\t\t<div class=\"elementor-element elementor-element-2381564 elementor-widget elementor-widget-image\" data-id=\"2381564\" data-element_type=\"widget\" data-widget_type=\"image.default\">\n\t\t\t\t<div class=\"elementor-widget-container\">\n\t\t\t\t\t\t\t\t<div class=\"elementor-image\">\n\t\t\t\t\t\t\t\t\t\t\t\t<img loading=\"lazy\" decoding=\"async\" width=\"1000\" height=\"1000\" src=\"https:\/\/www.on-frame.com\/wp-content\/uploads\/2022\/05\/03163745\/img-portfolio-of-02.jpg\" class=\"attachment-large size-large wp-image-4912\" alt=\"\" srcset=\"https:\/\/www.on-frame.com\/wp-content\/uploads\/2022\/05\/03163745\/img-portfolio-of-02.jpg 1000w, https:\/\/www.on-frame.com\/wp-content\/uploads\/2022\/05\/03163745\/img-portfolio-of-02-300x300.jpg 300w, https:\/\/www.on-frame.com\/wp-content\/uploads\/2022\/05\/03163745\/img-portfolio-of-02-150x150.jpg 150w, https:\/\/www.on-frame.com\/wp-content\/uploads\/2022\/05\/03163745\/img-portfolio-of-02-768x768.jpg 768w\" sizes=\"(max-width: 1000px) 100vw, 1000px\" \/>\t\t\t\t\t\t\t\t\t\t\t\t\t\t<\/div>\n\t\t\t\t\t\t<\/div>\n\t\t\t\t<\/div>\n\t\t\t\t\t\t<\/div>\n\t\t\t\t\t<\/div>\n\t\t<\/div>\n\t\t\t\t<div class=\"elementor-column elementor-col-33 elementor-top-column elementor-element elementor-element-c764d8f\" data-id=\"c764d8f\" data-element_type=\"column\">\n\t\t\t<div class=\"elementor-column-wrap elementor-element-populated\">\n\t\t\t\t\t\t\t<div class=\"elementor-widget-wrap\">\n\t\t\t\t\t\t<div class=\"elementor-element elementor-element-ffe28f6 elementor-widget elementor-widget-image\" data-id=\"ffe28f6\" data-element_type=\"widget\" data-widget_type=\"image.default\">\n\t\t\t\t<div class=\"elementor-widget-container\">\n\t\t\t\t\t\t\t\t<div class=\"elementor-image\">\n\t\t\t\t\t\t\t\t\t\t\t\t<img loading=\"lazy\" decoding=\"async\" width=\"1000\" height=\"1000\" src=\"https:\/\/www.on-frame.com\/wp-content\/uploads\/2022\/05\/03163922\/img-portfolio-of-03.jpg\" class=\"attachment-large size-large wp-image-4914\" alt=\"\" srcset=\"https:\/\/www.on-frame.com\/wp-content\/uploads\/2022\/05\/03163922\/img-portfolio-of-03.jpg 1000w, https:\/\/www.on-frame.com\/wp-content\/uploads\/2022\/05\/03163922\/img-portfolio-of-03-300x300.jpg 300w, https:\/\/www.on-frame.com\/wp-content\/uploads\/2022\/05\/03163922\/img-portfolio-of-03-150x150.jpg 150w, https:\/\/www.on-frame.com\/wp-content\/uploads\/2022\/05\/03163922\/img-portfolio-of-03-768x768.jpg 768w\" sizes=\"(max-width: 1000px) 100vw, 1000px\" \/>\t\t\t\t\t\t\t\t\t\t\t\t\t\t<\/div>\n\t\t\t\t\t\t<\/div>\n\t\t\t\t<\/div>\n\t\t\t\t\t\t<\/div>\n\t\t\t\t\t<\/div>\n\t\t<\/div>\n\t\t\t\t<div class=\"elementor-column elementor-col-33 elementor-top-column elementor-element elementor-element-b345d1d\" data-id=\"b345d1d\" data-element_type=\"column\">\n\t\t\t<div class=\"elementor-column-wrap elementor-element-populated\">\n\t\t\t\t\t\t\t<div class=\"elementor-widget-wrap\">\n\t\t\t\t\t\t<div class=\"elementor-element elementor-element-9120884 elementor-widget elementor-widget-image\" data-id=\"9120884\" data-element_type=\"widget\" data-widget_type=\"image.default\">\n\t\t\t\t<div class=\"elementor-widget-container\">\n\t\t\t\t\t\t\t\t<div class=\"elementor-image\">\n\t\t\t\t\t\t\t\t\t\t\t\t<img loading=\"lazy\" decoding=\"async\" width=\"1000\" height=\"1000\" src=\"https:\/\/www.on-frame.com\/wp-content\/uploads\/2022\/05\/12170501\/img-portfolio-of-14.jpg\" class=\"attachment-large size-large wp-image-4955\" alt=\"\" srcset=\"https:\/\/www.on-frame.com\/wp-content\/uploads\/2022\/05\/12170501\/img-portfolio-of-14.jpg 1000w, https:\/\/www.on-frame.com\/wp-content\/uploads\/2022\/05\/12170501\/img-portfolio-of-14-300x300.jpg 300w, https:\/\/www.on-frame.com\/wp-content\/uploads\/2022\/05\/12170501\/img-portfolio-of-14-150x150.jpg 150w, https:\/\/www.on-frame.com\/wp-content\/uploads\/2022\/05\/12170501\/img-portfolio-of-14-768x768.jpg 768w\" sizes=\"(max-width: 1000px) 100vw, 1000px\" \/>\t\t\t\t\t\t\t\t\t\t\t\t\t\t<\/div>\n\t\t\t\t\t\t<\/div>\n\t\t\t\t<\/div>\n\t\t\t\t\t\t<\/div>\n\t\t\t\t\t<\/div>\n\t\t<\/div>\n\t\t\t\t\t\t\t\t<\/div>\n\t\t\t\t\t<\/div>\n\t\t<\/section>\n\t\t\t\t<section class=\"elementor-section elementor-top-section elementor-element elementor-element-143034c6 elementor-section-boxed elementor-section-height-default elementor-section-height-default\" data-id=\"143034c6\" data-element_type=\"section\" data-settings=\"{&quot;background_background&quot;:&quot;classic&quot;}\">\n\t\t\t\t\t\t<div class=\"elementor-container elementor-column-gap-default\">\n\t\t\t\t\t\t\t<div class=\"elementor-row\">\n\t\t\t\t\t<div class=\"elementor-column elementor-col-100 elementor-top-column elementor-element elementor-element-29ec46f5\" data-id=\"29ec46f5\" data-element_type=\"column\">\n\t\t\t<div class=\"elementor-column-wrap elementor-element-populated\">\n\t\t\t\t\t\t\t<div class=\"elementor-widget-wrap\">\n\t\t\t\t\t\t<section class=\"elementor-section elementor-inner-section elementor-element elementor-element-2a63195c elementor-section-boxed elementor-section-height-default elementor-section-height-default\" data-id=\"2a63195c\" data-element_type=\"section\">\n\t\t\t\t\t\t<div class=\"elementor-container elementor-column-gap-default\">\n\t\t\t\t\t\t\t<div class=\"elementor-row\">\n\t\t\t\t\t<div class=\"elementor-column elementor-col-50 elementor-inner-column elementor-element elementor-element-18388950\" data-id=\"18388950\" data-element_type=\"column\">\n\t\t\t<div class=\"elementor-column-wrap elementor-element-populated\">\n\t\t\t\t\t\t\t<div class=\"elementor-widget-wrap\">\n\t\t\t\t\t\t<div class=\"elementor-element elementor-element-64485bb1 elementor-widget elementor-widget-text-editor\" data-id=\"64485bb1\" data-element_type=\"widget\" data-widget_type=\"text-editor.default\">\n\t\t\t\t<div class=\"elementor-widget-container\">\n\t\t\t\t\t\t\t\t<div class=\"elementor-text-editor elementor-clearfix\">\n\t\t\t\t<p>\u00a1Descubra m\u00e1s sobre la calidad de nuestros productos gracias a la galer\u00eda de fotos y videos!<\/p>\t\t\t\t\t<\/div>\n\t\t\t\t\t\t<\/div>\n\t\t\t\t<\/div>\n\t\t\t\t\t\t<\/div>\n\t\t\t\t\t<\/div>\n\t\t<\/div>\n\t\t\t\t<div class=\"elementor-column elementor-col-50 elementor-inner-column elementor-element elementor-element-59a81902\" data-id=\"59a81902\" data-element_type=\"column\">\n\t\t\t<div class=\"elementor-column-wrap elementor-element-populated\">\n\t\t\t\t\t\t\t<div class=\"elementor-widget-wrap\">\n\t\t\t\t\t\t<div class=\"elementor-element elementor-element-37f1e99c elementor-align-center elementor-widget elementor-widget-button\" data-id=\"37f1e99c\" data-element_type=\"widget\" data-widget_type=\"button.default\">\n\t\t\t\t<div class=\"elementor-widget-container\">\n\t\t\t\t\t<div class=\"elementor-button-wrapper\">\n\t\t\t<a href=\"https:\/\/www.on-frame.com\/es\/page\/cartera-de-fotos\" class=\"elementor-button-link elementor-button elementor-size-sm\" role=\"button\">\n\t\t\t\t\t\t<span class=\"elementor-button-content-wrapper\">\n\t\t\t\t\t\t<span class=\"elementor-button-text\">CARTERA DE FOTOS<\/span>\n\t\t<\/span>\n\t\t\t\t\t<\/a>\n\t\t<\/div>\n\t\t\t\t<\/div>\n\t\t\t\t<\/div>\n\t\t\t\t<div class=\"elementor-element elementor-element-508242a8 elementor-align-center elementor-widget elementor-widget-button\" data-id=\"508242a8\" data-element_type=\"widget\" data-widget_type=\"button.default\">\n\t\t\t\t<div class=\"elementor-widget-container\">\n\t\t\t\t\t<div class=\"elementor-button-wrapper\">\n\t\t\t<a href=\"https:\/\/www.on-frame.com\/es\/page\/video\/\" class=\"elementor-button-link elementor-button elementor-size-sm\" role=\"button\">\n\t\t\t\t\t\t<span class=\"elementor-button-content-wrapper\">\n\t\t\t\t\t\t<span class=\"elementor-button-text\">VIDEO<\/span>\n\t\t<\/span>\n\t\t\t\t\t<\/a>\n\t\t<\/div>\n\t\t\t\t<\/div>\n\t\t\t\t<\/div>\n\t\t\t\t\t\t<\/div>\n\t\t\t\t\t<\/div>\n\t\t<\/div>\n\t\t\t\t\t\t\t\t<\/div>\n\t\t\t\t\t<\/div>\n\t\t<\/section>\n\t\t\t\t\t\t<\/div>\n\t\t\t\t\t<\/div>\n\t\t<\/div>\n\t\t\t\t\t\t\t\t<\/div>\n\t\t\t\t\t<\/div>\n\t\t<\/section>\n\t\t\t\t<section class=\"elementor-section elementor-top-section elementor-element elementor-element-1cc5c89 elementor-section-boxed elementor-section-height-default elementor-section-height-default\" data-id=\"1cc5c89\" data-element_type=\"section\" data-settings=\"{&quot;background_background&quot;:&quot;classic&quot;}\">\n\t\t\t\t\t\t<div class=\"elementor-container elementor-column-gap-default\">\n\t\t\t\t\t\t\t<div class=\"elementor-row\">\n\t\t\t\t\t<div class=\"elementor-column elementor-col-100 elementor-top-column elementor-element elementor-element-54c6d9ed\" data-id=\"54c6d9ed\" data-element_type=\"column\">\n\t\t\t<div class=\"elementor-column-wrap elementor-element-populated\">\n\t\t\t\t\t\t\t<div class=\"elementor-widget-wrap\">\n\t\t\t\t\t\t<div class=\"elementor-element elementor-element-6aae1202 elementor-widget elementor-widget-text-editor\" data-id=\"6aae1202\" data-element_type=\"widget\" data-widget_type=\"text-editor.default\">\n\t\t\t\t<div class=\"elementor-widget-container\">\n\t\t\t\t\t\t\t\t<div class=\"elementor-text-editor elementor-clearfix\">\n\t\t\t\t<p>\u00a1Descubre el<strong> MARCO\/LIGHTBOX<\/strong> de perfil elegante y <strong>CONVI\u00c9RTETE EN NUESTRO DISTRIBUIDOR AHORA<\/strong>*!<strong><br \/><\/strong>\u00a1Accede ahora a <strong>PRECIOS EXCLUSIVOS<\/strong>!<\/p>\t\t\t\t\t<\/div>\n\t\t\t\t\t\t<\/div>\n\t\t\t\t<\/div>\n\t\t\t\t<div class=\"elementor-element elementor-element-184f6561 elementor-widget elementor-widget-text-editor\" data-id=\"184f6561\" data-element_type=\"widget\" data-widget_type=\"text-editor.default\">\n\t\t\t\t<div class=\"elementor-widget-container\">\n\t\t\t\t\t\t\t\t<div class=\"elementor-text-editor elementor-clearfix\">\n\t\t\t\t<p>*La <strong>inscripci\u00f3n es gratuita<\/strong> y no conlleva ning\u00fan compromiso.<\/p>\t\t\t\t\t<\/div>\n\t\t\t\t\t\t<\/div>\n\t\t\t\t<\/div>\n\t\t\t\t<section class=\"elementor-section elementor-inner-section elementor-element elementor-element-3744edf elementor-section-boxed elementor-section-height-default elementor-section-height-default\" data-id=\"3744edf\" data-element_type=\"section\">\n\t\t\t\t\t\t<div class=\"elementor-container elementor-column-gap-default\">\n\t\t\t\t\t\t\t<div class=\"elementor-row\">\n\t\t\t\t\t<div class=\"elementor-column elementor-col-50 elementor-inner-column elementor-element elementor-element-39a56259\" data-id=\"39a56259\" data-element_type=\"column\">\n\t\t\t<div class=\"elementor-column-wrap elementor-element-populated\">\n\t\t\t\t\t\t\t<div class=\"elementor-widget-wrap\">\n\t\t\t\t\t\t<div class=\"elementor-element elementor-element-5e8fdf37 elementor-align-center elementor-widget elementor-widget-button\" data-id=\"5e8fdf37\" data-element_type=\"widget\" data-widget_type=\"button.default\">\n\t\t\t\t<div class=\"elementor-widget-container\">\n\t\t\t\t\t<div class=\"elementor-button-wrapper\">\n\t\t\t<a href=\"https:\/\/www.on-frame.com\/es\/user\/login\" class=\"elementor-button-link elementor-button elementor-size-sm\" role=\"button\">\n\t\t\t\t\t\t<span class=\"elementor-button-content-wrapper\">\n\t\t\t\t\t\t<span class=\"elementor-button-text\">REGISTRATE COMO DISTRIBUIDOR<\/span>\n\t\t<\/span>\n\t\t\t\t\t<\/a>\n\t\t<\/div>\n\t\t\t\t<\/div>\n\t\t\t\t<\/div>\n\t\t\t\t\t\t<\/div>\n\t\t\t\t\t<\/div>\n\t\t<\/div>\n\t\t\t\t<div class=\"elementor-column elementor-col-50 elementor-inner-column elementor-element elementor-element-6b802a9d\" data-id=\"6b802a9d\" data-element_type=\"column\">\n\t\t\t<div class=\"elementor-column-wrap elementor-element-populated\">\n\t\t\t\t\t\t\t<div class=\"elementor-widget-wrap\">\n\t\t\t\t\t\t<div class=\"elementor-element elementor-element-2a9ed828 elementor-align-center elementor-widget elementor-widget-button\" data-id=\"2a9ed828\" data-element_type=\"widget\" data-widget_type=\"button.default\">\n\t\t\t\t<div class=\"elementor-widget-container\">\n\t\t\t\t\t<div class=\"elementor-button-wrapper\">\n\t\t\t<a href=\"https:\/\/www.on-frame.com\/es\/page\/contactos\/\" class=\"elementor-button-link elementor-button elementor-size-sm\" role=\"button\">\n\t\t\t\t\t\t<span class=\"elementor-button-content-wrapper\">\n\t\t\t\t\t\t<span class=\"elementor-button-text\">PONTE EN CONTACTO CON NOSOTROS PARA M\u00c1S INFORMACI\u00d3N<\/span>\n\t\t<\/span>\n\t\t\t\t\t<\/a>\n\t\t<\/div>\n\t\t\t\t<\/div>\n\t\t\t\t<\/div>\n\t\t\t\t\t\t<\/div>\n\t\t\t\t\t<\/div>\n\t\t<\/div>\n\t\t\t\t\t\t\t\t<\/div>\n\t\t\t\t\t<\/div>\n\t\t<\/section>\n\t\t\t\t\t\t<\/div>\n\t\t\t\t\t<\/div>\n\t\t<\/div>\n\t\t\t\t\t\t\t\t<\/div>\n\t\t\t\t\t<\/div>\n\t\t<\/section>\n\t\t\t\t\t\t\t\t\t<\/div>\n\t\t\t<\/div>\n\t\t\t\t\t<\/div>\n\t\t","protected":false},"excerpt":{"rendered":"<p>Qui\u00e9nes somos EL MARCO CON UN PERFIL ELEGANTECambia tu entorno respet\u00e1ndolo Onframe es el nuevo [&hellip;]<\/p>\n","protected":false},"author":5,"featured_media":0,"parent":0,"menu_order":0,"comment_status":"closed","ping_status":"closed","template":"","meta":{"_acf_changed":false,"inline_featured_image":false,"footnotes":""},"class_list":["post-10895","page","type-page","status-publish","hentry"],"acf":[],"yoast_head":"<!-- This site is optimized with the Yoast SEO plugin v24.8.1 - https:\/\/yoast.com\/wordpress\/plugins\/seo\/ -->\n<title>Onframe - Qui\u00e9nes somos<\/title>\n<meta name=\"description\" content=\"Onframe es el nuevo portal dedicado a soluciones de acondicionamiento InStore personalizadas y dise\u00f1adas por el Gruppo Masserdotti. Onframe facilita la renovaci\u00f3n de cualquier ambiente creando nuevos espacios con productos personalizables.\" \/>\n<meta name=\"robots\" content=\"index, follow, max-snippet:-1, max-image-preview:large, max-video-preview:-1\" \/>\n<link rel=\"canonical\" href=\"https:\/\/www.on-frame.com\/es\/page\/quienes-somos\/\" \/>\n<meta property=\"og:locale\" content=\"es_ES\" \/>\n<meta property=\"og:type\" content=\"article\" \/>\n<meta property=\"og:title\" content=\"Onframe - Qui\u00e9nes somos\" \/>\n<meta property=\"og:description\" content=\"Onframe es el nuevo portal dedicado a soluciones de acondicionamiento InStore personalizadas y dise\u00f1adas por el Gruppo Masserdotti. Onframe facilita la renovaci\u00f3n de cualquier ambiente creando nuevos espacios con productos personalizables.\" \/>\n<meta property=\"og:url\" content=\"https:\/\/www.on-frame.com\/es\/page\/quienes-somos\/\" \/>\n<meta property=\"og:site_name\" content=\"Onframe\" \/>\n<meta property=\"article:modified_time\" content=\"2026-03-25T15:41:39+00:00\" \/>\n<meta property=\"og:image\" content=\"https:\/\/www.on-frame.com\/wp-content\/uploads\/2022\/05\/03163745\/img-portfolio-of-02.jpg\" \/>\n\t<meta property=\"og:image:width\" content=\"1000\" \/>\n\t<meta property=\"og:image:height\" content=\"1000\" \/>\n\t<meta property=\"og:image:type\" content=\"image\/jpeg\" \/>\n<meta name=\"twitter:card\" content=\"summary_large_image\" \/>\n<meta name=\"twitter:label1\" content=\"Tiempo de lectura\" \/>\n\t<meta name=\"twitter:data1\" content=\"2 minutos\" \/>\n<script type=\"application\/ld+json\" class=\"yoast-schema-graph\">{\"@context\":\"https:\/\/schema.org\",\"@graph\":[{\"@type\":\"WebPage\",\"@id\":\"https:\/\/www.on-frame.com\/es\/page\/quienes-somos\/\",\"url\":\"https:\/\/www.on-frame.com\/es\/page\/quienes-somos\/\",\"name\":\"Onframe - Qui\u00e9nes somos\",\"isPartOf\":{\"@id\":\"https:\/\/www.on-frame.com\/#website\"},\"primaryImageOfPage\":{\"@id\":\"https:\/\/www.on-frame.com\/es\/page\/quienes-somos\/#primaryimage\"},\"image\":{\"@id\":\"https:\/\/www.on-frame.com\/es\/page\/quienes-somos\/#primaryimage\"},\"thumbnailUrl\":\"https:\/\/www.on-frame.com\/wp-content\/uploads\/2022\/05\/03163745\/img-portfolio-of-02.jpg\",\"datePublished\":\"2020-12-17T15:26:40+00:00\",\"dateModified\":\"2026-03-25T15:41:39+00:00\",\"description\":\"Onframe es el nuevo portal dedicado a soluciones de acondicionamiento InStore personalizadas y dise\u00f1adas por el Gruppo Masserdotti. Onframe facilita la renovaci\u00f3n de cualquier ambiente creando nuevos espacios con productos personalizables.\",\"breadcrumb\":{\"@id\":\"https:\/\/www.on-frame.com\/es\/page\/quienes-somos\/#breadcrumb\"},\"inLanguage\":\"es\",\"potentialAction\":[{\"@type\":\"ReadAction\",\"target\":[\"https:\/\/www.on-frame.com\/es\/page\/quienes-somos\/\"]}]},{\"@type\":\"ImageObject\",\"inLanguage\":\"es\",\"@id\":\"https:\/\/www.on-frame.com\/es\/page\/quienes-somos\/#primaryimage\",\"url\":\"https:\/\/www.on-frame.com\/wp-content\/uploads\/2022\/05\/03163745\/img-portfolio-of-02.jpg\",\"contentUrl\":\"https:\/\/www.on-frame.com\/wp-content\/uploads\/2022\/05\/03163745\/img-portfolio-of-02.jpg\"},{\"@type\":\"BreadcrumbList\",\"@id\":\"https:\/\/www.on-frame.com\/es\/page\/quienes-somos\/#breadcrumb\",\"itemListElement\":[{\"@type\":\"ListItem\",\"position\":1,\"name\":\"Home\",\"item\":\"https:\/\/www.on-frame.com\/es\/\"},{\"@type\":\"ListItem\",\"position\":2,\"name\":\"Qui\u00e9nes somos\"}]},{\"@type\":\"WebSite\",\"@id\":\"https:\/\/www.on-frame.com\/#website\",\"url\":\"https:\/\/www.on-frame.com\/\",\"name\":\"Onframe\",\"description\":\"Frame e Lightbox, insegne modulari per ogni ambiente\",\"potentialAction\":[{\"@type\":\"SearchAction\",\"target\":{\"@type\":\"EntryPoint\",\"urlTemplate\":\"https:\/\/www.on-frame.com\/?s={search_term_string}\"},\"query-input\":{\"@type\":\"PropertyValueSpecification\",\"valueRequired\":true,\"valueName\":\"search_term_string\"}}],\"inLanguage\":\"es\"}]}<\/script>\n<!-- \/ Yoast SEO plugin. -->","yoast_head_json":{"title":"Onframe - Qui\u00e9nes somos","description":"Onframe es el nuevo portal dedicado a soluciones de acondicionamiento InStore personalizadas y dise\u00f1adas por el Gruppo Masserdotti. Onframe facilita la renovaci\u00f3n de cualquier ambiente creando nuevos espacios con productos personalizables.","robots":{"index":"index","follow":"follow","max-snippet":"max-snippet:-1","max-image-preview":"max-image-preview:large","max-video-preview":"max-video-preview:-1"},"canonical":"https:\/\/www.on-frame.com\/es\/page\/quienes-somos\/","og_locale":"es_ES","og_type":"article","og_title":"Onframe - Qui\u00e9nes somos","og_description":"Onframe es el nuevo portal dedicado a soluciones de acondicionamiento InStore personalizadas y dise\u00f1adas por el Gruppo Masserdotti. Onframe facilita la renovaci\u00f3n de cualquier ambiente creando nuevos espacios con productos personalizables.","og_url":"https:\/\/www.on-frame.com\/es\/page\/quienes-somos\/","og_site_name":"Onframe","article_modified_time":"2026-03-25T15:41:39+00:00","og_image":[{"width":1000,"height":1000,"url":"https:\/\/www.on-frame.com\/wp-content\/uploads\/2022\/05\/03163745\/img-portfolio-of-02.jpg","type":"image\/jpeg"}],"twitter_card":"summary_large_image","twitter_misc":{"Tiempo de lectura":"2 minutos"},"schema":{"@context":"https:\/\/schema.org","@graph":[{"@type":"WebPage","@id":"https:\/\/www.on-frame.com\/es\/page\/quienes-somos\/","url":"https:\/\/www.on-frame.com\/es\/page\/quienes-somos\/","name":"Onframe - Qui\u00e9nes somos","isPartOf":{"@id":"https:\/\/www.on-frame.com\/#website"},"primaryImageOfPage":{"@id":"https:\/\/www.on-frame.com\/es\/page\/quienes-somos\/#primaryimage"},"image":{"@id":"https:\/\/www.on-frame.com\/es\/page\/quienes-somos\/#primaryimage"},"thumbnailUrl":"https:\/\/www.on-frame.com\/wp-content\/uploads\/2022\/05\/03163745\/img-portfolio-of-02.jpg","datePublished":"2020-12-17T15:26:40+00:00","dateModified":"2026-03-25T15:41:39+00:00","description":"Onframe es el nuevo portal dedicado a soluciones de acondicionamiento InStore personalizadas y dise\u00f1adas por el Gruppo Masserdotti. Onframe facilita la renovaci\u00f3n de cualquier ambiente creando nuevos espacios con productos personalizables.","breadcrumb":{"@id":"https:\/\/www.on-frame.com\/es\/page\/quienes-somos\/#breadcrumb"},"inLanguage":"es","potentialAction":[{"@type":"ReadAction","target":["https:\/\/www.on-frame.com\/es\/page\/quienes-somos\/"]}]},{"@type":"ImageObject","inLanguage":"es","@id":"https:\/\/www.on-frame.com\/es\/page\/quienes-somos\/#primaryimage","url":"https:\/\/www.on-frame.com\/wp-content\/uploads\/2022\/05\/03163745\/img-portfolio-of-02.jpg","contentUrl":"https:\/\/www.on-frame.com\/wp-content\/uploads\/2022\/05\/03163745\/img-portfolio-of-02.jpg"},{"@type":"BreadcrumbList","@id":"https:\/\/www.on-frame.com\/es\/page\/quienes-somos\/#breadcrumb","itemListElement":[{"@type":"ListItem","position":1,"name":"Home","item":"https:\/\/www.on-frame.com\/es\/"},{"@type":"ListItem","position":2,"name":"Qui\u00e9nes somos"}]},{"@type":"WebSite","@id":"https:\/\/www.on-frame.com\/#website","url":"https:\/\/www.on-frame.com\/","name":"Onframe","description":"Frame e Lightbox, insegne modulari per ogni ambiente","potentialAction":[{"@type":"SearchAction","target":{"@type":"EntryPoint","urlTemplate":"https:\/\/www.on-frame.com\/?s={search_term_string}"},"query-input":{"@type":"PropertyValueSpecification","valueRequired":true,"valueName":"search_term_string"}}],"inLanguage":"es"}]}},"_links":{"self":[{"href":"https:\/\/www.on-frame.com\/es\/wp-json\/wp\/v2\/pages\/10895"}],"collection":[{"href":"https:\/\/www.on-frame.com\/es\/wp-json\/wp\/v2\/pages"}],"about":[{"href":"https:\/\/www.on-frame.com\/es\/wp-json\/wp\/v2\/types\/page"}],"author":[{"embeddable":true,"href":"https:\/\/www.on-frame.com\/es\/wp-json\/wp\/v2\/users\/5"}],"replies":[{"embeddable":true,"href":"https:\/\/www.on-frame.com\/es\/wp-json\/wp\/v2\/comments?post=10895"}],"version-history":[{"count":6,"href":"https:\/\/www.on-frame.com\/es\/wp-json\/wp\/v2\/pages\/10895\/revisions"}],"predecessor-version":[{"id":15373,"href":"https:\/\/www.on-frame.com\/es\/wp-json\/wp\/v2\/pages\/10895\/revisions\/15373"}],"wp:attachment":[{"href":"https:\/\/www.on-frame.com\/es\/wp-json\/wp\/v2\/media?parent=10895"}],"curies":[{"name":"wp","href":"https:\/\/api.w.org\/{rel}","templated":true}]}}