{"id":10713,"date":"2022-11-30T12:01:19","date_gmt":"2022-11-30T11:01:19","guid":{"rendered":"https:\/\/www.on-frame.com\/page\/domande-frequenti-onframe\/"},"modified":"2026-03-25T14:07:29","modified_gmt":"2026-03-25T13:07:29","slug":"domande-frequenti-onframe","status":"publish","type":"page","link":"https:\/\/www.on-frame.com\/en\/page\/domande-frequenti-onframe\/","title":{"rendered":"Domande frequenti"},"content":{"rendered":"\t\t<div data-elementor-type=\"wp-page\" data-elementor-id=\"10713\" class=\"elementor elementor-10713 elementor-10710\">\n\t\t\t\t\t\t<div class=\"elementor-inner\">\n\t\t\t\t<div class=\"elementor-section-wrap\">\n\t\t\t\t\t\t\t\t\t<section class=\"elementor-section elementor-top-section elementor-element elementor-element-3f1eabfb elementor-section-boxed elementor-section-height-default elementor-section-height-default\" data-id=\"3f1eabfb\" data-element_type=\"section\" data-settings=\"{&quot;background_background&quot;:&quot;classic&quot;}\">\n\t\t\t\t\t\t<div class=\"elementor-container elementor-column-gap-default\">\n\t\t\t\t\t\t\t<div class=\"elementor-row\">\n\t\t\t\t\t<div class=\"elementor-column elementor-col-100 elementor-top-column elementor-element elementor-element-6f6ddc59\" data-id=\"6f6ddc59\" data-element_type=\"column\" data-settings=\"{&quot;background_background&quot;:&quot;classic&quot;}\">\n\t\t\t<div class=\"elementor-column-wrap elementor-element-populated\">\n\t\t\t\t\t\t\t<div class=\"elementor-widget-wrap\">\n\t\t\t\t\t\t<div class=\"elementor-element elementor-element-5f27885c elementor-widget elementor-widget-text-editor\" data-id=\"5f27885c\" data-element_type=\"widget\" data-widget_type=\"text-editor.default\">\n\t\t\t\t<div class=\"elementor-widget-container\">\n\t\t\t\t\t\t\t\t<div class=\"elementor-text-editor elementor-clearfix\">\n\t\t\t\t<p class=\"p1\" style=\"text-align: center;\">Contattaci per maggiori informazioni &gt;\u00a0 \u00a0 Tel.<strong>0302308688<\/strong>\u00a0 &#8211; \u00a0<strong>info@on-frame.com<\/strong><\/p>\t\t\t\t\t<\/div>\n\t\t\t\t\t\t<\/div>\n\t\t\t\t<\/div>\n\t\t\t\t\t\t<\/div>\n\t\t\t\t\t<\/div>\n\t\t<\/div>\n\t\t\t\t\t\t\t\t<\/div>\n\t\t\t\t\t<\/div>\n\t\t<\/section>\n\t\t\t\t<section class=\"elementor-section elementor-top-section elementor-element elementor-element-381773e5 elementor-section-full_width elementor-section-height-default elementor-section-height-default\" data-id=\"381773e5\" data-element_type=\"section\" data-settings=\"{&quot;background_background&quot;:&quot;classic&quot;}\">\n\t\t\t\t\t\t<div class=\"elementor-container elementor-column-gap-default\">\n\t\t\t\t\t\t\t<div class=\"elementor-row\">\n\t\t\t\t\t<div class=\"elementor-column elementor-col-100 elementor-top-column elementor-element elementor-element-4389546c\" data-id=\"4389546c\" data-element_type=\"column\">\n\t\t\t<div class=\"elementor-column-wrap elementor-element-populated\">\n\t\t\t\t\t\t\t<div class=\"elementor-widget-wrap\">\n\t\t\t\t\t\t<section class=\"elementor-section elementor-inner-section elementor-element elementor-element-43cb3203 elementor-section-boxed elementor-section-height-default elementor-section-height-default\" data-id=\"43cb3203\" data-element_type=\"section\">\n\t\t\t\t\t\t<div class=\"elementor-container elementor-column-gap-default\">\n\t\t\t\t\t\t\t<div class=\"elementor-row\">\n\t\t\t\t\t<div class=\"elementor-column elementor-col-100 elementor-inner-column elementor-element elementor-element-50bfd55b\" data-id=\"50bfd55b\" data-element_type=\"column\">\n\t\t\t<div class=\"elementor-column-wrap elementor-element-populated\">\n\t\t\t\t\t\t\t<div class=\"elementor-widget-wrap\">\n\t\t\t\t\t\t<div class=\"elementor-element elementor-element-687778ce elementor-widget elementor-widget-text-editor\" data-id=\"687778ce\" data-element_type=\"widget\" data-widget_type=\"text-editor.default\">\n\t\t\t\t<div class=\"elementor-widget-container\">\n\t\t\t\t\t\t\t\t<div class=\"elementor-text-editor elementor-clearfix\">\n\t\t\t\t<p>Domande frequenti<\/p>\t\t\t\t\t<\/div>\n\t\t\t\t\t\t<\/div>\n\t\t\t\t<\/div>\n\t\t\t\t\t\t<\/div>\n\t\t\t\t\t<\/div>\n\t\t<\/div>\n\t\t\t\t\t\t\t\t<\/div>\n\t\t\t\t\t<\/div>\n\t\t<\/section>\n\t\t\t\t\t\t<\/div>\n\t\t\t\t\t<\/div>\n\t\t<\/div>\n\t\t\t\t\t\t\t\t<\/div>\n\t\t\t\t\t<\/div>\n\t\t<\/section>\n\t\t\t\t<section class=\"elementor-section elementor-top-section elementor-element elementor-element-5e32791 elementor-section-boxed elementor-section-height-default elementor-section-height-default\" data-id=\"5e32791\" data-element_type=\"section\">\n\t\t\t\t\t\t<div class=\"elementor-container elementor-column-gap-default\">\n\t\t\t\t\t\t\t<div class=\"elementor-row\">\n\t\t\t\t\t<div class=\"elementor-column elementor-col-100 elementor-top-column elementor-element elementor-element-78bee59\" data-id=\"78bee59\" data-element_type=\"column\">\n\t\t\t<div class=\"elementor-column-wrap elementor-element-populated\">\n\t\t\t\t\t\t\t<div class=\"elementor-widget-wrap\">\n\t\t\t\t\t\t<div class=\"elementor-element elementor-element-dd31964 elementor-widget elementor-widget-text-editor\" data-id=\"dd31964\" data-element_type=\"widget\" data-widget_type=\"text-editor.default\">\n\t\t\t\t<div class=\"elementor-widget-container\">\n\t\t\t\t\t\t\t\t<div class=\"elementor-text-editor elementor-clearfix\">\n\t\t\t\t<ul><li><b>Che tempistiche di spedizione avete?<\/b><br \/>Dipendono dalla fornitura ordinata, ma per piccole produzioni spediamo a partire da 48h.<\/li><li><b>Quali sono le spese di spedizione?<\/b><br \/>Le spedizioni nazionali sono gratuite se superati i 1000\u20ac di spesa, altrimenti sono 9,91\u20ac a collo (eccezione per isole).<\/li><li><b>\u00c8 possibile avere imballi e materiali privi di branding?<\/b><br \/>Su richiesta facciamo imballi e linguette dei tessuti neutri.<\/li><li><b>\u00c8 difficile montare le strutture?<\/b><br \/>Montare piccole strutture non luminose \u00e8 molto semplice, ma per ragioni di sicurezza consigliamo vivamente che strutture di grandi dimensioni e frame luminosi vengano installati da professionisti.<\/li><li><b>\u00c8 difficile cambiare il telo?<\/b><br \/>Cambiare il telo \u00e8 rapido e semplice (per strutture di grandi dimensioni potrebbe essere necessaria la collaborazione di due persone).<\/li><li><b>Posso acquistare solo il tessuto se voglio rinnovare una struttura gi\u00e0 in mio possesso?<\/b><br \/>I tessuti con gommino si possono trovare nella sezione \u201cstampa solo tessuto\u201d.<br \/>N.B. Se la struttura in vostro possesso \u00e8 stata acquistata presso di noi, baster\u00e0 inserire nella configurazione del tessuto le misure finite della vostra struttura; se la struttura non \u00e8 stata prodotta da noi, consigliamo di fare l\u2019ordine segnalando che non \u00e8 una struttura Onframe e inviando le foto del vostro profilo a <a style=\"font-family: var( --e-global-typography-text-font-family ), \\'Lato\\'; font-weight: var( --e-global-typography-text-font-weight ); background-color: #ffffff; font-size: 16px;\" href=\"mailto:info@on-frame.com\">info@on-frame.com<\/a>.\u00a0<\/li><\/ul>\t\t\t\t\t<\/div>\n\t\t\t\t\t\t<\/div>\n\t\t\t\t<\/div>\n\t\t\t\t\t\t<\/div>\n\t\t\t\t\t<\/div>\n\t\t<\/div>\n\t\t\t\t\t\t\t\t<\/div>\n\t\t\t\t\t<\/div>\n\t\t<\/section>\n\t\t\t\t<section class=\"elementor-section elementor-top-section elementor-element elementor-element-4a375be3 elementor-section-boxed elementor-section-height-default elementor-section-height-default\" data-id=\"4a375be3\" data-element_type=\"section\" data-settings=\"{&quot;background_background&quot;:&quot;classic&quot;}\">\n\t\t\t\t\t\t<div class=\"elementor-container elementor-column-gap-default\">\n\t\t\t\t\t\t\t<div class=\"elementor-row\">\n\t\t\t\t\t<div class=\"elementor-column elementor-col-100 elementor-top-column elementor-element elementor-element-5cbfbd02\" data-id=\"5cbfbd02\" data-element_type=\"column\">\n\t\t\t<div class=\"elementor-column-wrap elementor-element-populated\">\n\t\t\t\t\t\t\t<div class=\"elementor-widget-wrap\">\n\t\t\t\t\t\t<section class=\"elementor-section elementor-inner-section elementor-element elementor-element-2a28c731 elementor-section-boxed elementor-section-height-default elementor-section-height-default\" data-id=\"2a28c731\" data-element_type=\"section\">\n\t\t\t\t\t\t<div class=\"elementor-container elementor-column-gap-default\">\n\t\t\t\t\t\t\t<div class=\"elementor-row\">\n\t\t\t\t\t<div class=\"elementor-column elementor-col-50 elementor-inner-column elementor-element elementor-element-63cc026e\" data-id=\"63cc026e\" data-element_type=\"column\">\n\t\t\t<div class=\"elementor-column-wrap elementor-element-populated\">\n\t\t\t\t\t\t\t<div class=\"elementor-widget-wrap\">\n\t\t\t\t\t\t<div class=\"elementor-element elementor-element-4a37427b elementor-widget elementor-widget-text-editor\" data-id=\"4a37427b\" data-element_type=\"widget\" data-widget_type=\"text-editor.default\">\n\t\t\t\t<div class=\"elementor-widget-container\">\n\t\t\t\t\t\t\t\t<div class=\"elementor-text-editor elementor-clearfix\">\n\t\t\t\t<p>Scopri di pi\u00f9 riguardo alla qualit\u00e0 dei nostri prodotti<br>grazie alla foto e video gallery!<\/p>\t\t\t\t\t<\/div>\n\t\t\t\t\t\t<\/div>\n\t\t\t\t<\/div>\n\t\t\t\t\t\t<\/div>\n\t\t\t\t\t<\/div>\n\t\t<\/div>\n\t\t\t\t<div class=\"elementor-column elementor-col-50 elementor-inner-column elementor-element elementor-element-10858021\" data-id=\"10858021\" data-element_type=\"column\">\n\t\t\t<div class=\"elementor-column-wrap elementor-element-populated\">\n\t\t\t\t\t\t\t<div class=\"elementor-widget-wrap\">\n\t\t\t\t\t\t<div class=\"elementor-element elementor-element-5cc9826d elementor-align-center elementor-widget elementor-widget-button\" data-id=\"5cc9826d\" data-element_type=\"widget\" data-widget_type=\"button.default\">\n\t\t\t\t<div class=\"elementor-widget-container\">\n\t\t\t\t\t<div class=\"elementor-button-wrapper\">\n\t\t\t<a href=\"https:\/\/www.on-frame.com\/page\/portfolio\/\" class=\"elementor-button-link elementor-button elementor-size-sm\" role=\"button\">\n\t\t\t\t\t\t<span class=\"elementor-button-content-wrapper\">\n\t\t\t\t\t\t<span class=\"elementor-button-text\">GALLERIA FOTOGRAFICA<\/span>\n\t\t<\/span>\n\t\t\t\t\t<\/a>\n\t\t<\/div>\n\t\t\t\t<\/div>\n\t\t\t\t<\/div>\n\t\t\t\t<div class=\"elementor-element elementor-element-10cd7223 elementor-align-center elementor-widget elementor-widget-button\" data-id=\"10cd7223\" data-element_type=\"widget\" data-widget_type=\"button.default\">\n\t\t\t\t<div class=\"elementor-widget-container\">\n\t\t\t\t\t<div class=\"elementor-button-wrapper\">\n\t\t\t<a href=\"https:\/\/www.on-frame.com\/page\/video-onframe\/\" class=\"elementor-button-link elementor-button elementor-size-sm\" role=\"button\">\n\t\t\t\t\t\t<span class=\"elementor-button-content-wrapper\">\n\t\t\t\t\t\t<span class=\"elementor-button-text\">CLIP VIDEO<\/span>\n\t\t<\/span>\n\t\t\t\t\t<\/a>\n\t\t<\/div>\n\t\t\t\t<\/div>\n\t\t\t\t<\/div>\n\t\t\t\t\t\t<\/div>\n\t\t\t\t\t<\/div>\n\t\t<\/div>\n\t\t\t\t\t\t\t\t<\/div>\n\t\t\t\t\t<\/div>\n\t\t<\/section>\n\t\t\t\t\t\t<\/div>\n\t\t\t\t\t<\/div>\n\t\t<\/div>\n\t\t\t\t\t\t\t\t<\/div>\n\t\t\t\t\t<\/div>\n\t\t<\/section>\n\t\t\t\t<section class=\"elementor-section elementor-top-section elementor-element elementor-element-51609e60 elementor-section-boxed elementor-section-height-default elementor-section-height-default\" data-id=\"51609e60\" data-element_type=\"section\" data-settings=\"{&quot;background_background&quot;:&quot;classic&quot;}\">\n\t\t\t\t\t\t<div class=\"elementor-container elementor-column-gap-default\">\n\t\t\t\t\t\t\t<div class=\"elementor-row\">\n\t\t\t\t\t<div class=\"elementor-column elementor-col-100 elementor-top-column elementor-element elementor-element-43290b0c\" data-id=\"43290b0c\" data-element_type=\"column\">\n\t\t\t<div class=\"elementor-column-wrap elementor-element-populated\">\n\t\t\t\t\t\t\t<div class=\"elementor-widget-wrap\">\n\t\t\t\t\t\t<div class=\"elementor-element elementor-element-7f768e9a elementor-widget elementor-widget-text-editor\" data-id=\"7f768e9a\" data-element_type=\"widget\" data-widget_type=\"text-editor.default\">\n\t\t\t\t<div class=\"elementor-widget-container\">\n\t\t\t\t\t\t\t\t<div class=\"elementor-text-editor elementor-clearfix\">\n\t\t\t\t<p>Scopri il FRAME \/ LIGHTBOX dal profilo elegante e DIVENTA SUBITO NOSTRO RIVENDITORE*!<br \/>Accedi subito ai PREZZI DEDICATI!<\/p>\t\t\t\t\t<\/div>\n\t\t\t\t\t\t<\/div>\n\t\t\t\t<\/div>\n\t\t\t\t<div class=\"elementor-element elementor-element-80a7414 elementor-widget elementor-widget-text-editor\" data-id=\"80a7414\" data-element_type=\"widget\" data-widget_type=\"text-editor.default\">\n\t\t\t\t<div class=\"elementor-widget-container\">\n\t\t\t\t\t\t\t\t<div class=\"elementor-text-editor elementor-clearfix\">\n\t\t\t\t<p>*L&#8217;<strong>iscrizione \u00e8 gratuita<\/strong> e non comporta vincoli.<\/p>\t\t\t\t\t<\/div>\n\t\t\t\t\t\t<\/div>\n\t\t\t\t<\/div>\n\t\t\t\t<section class=\"elementor-section elementor-inner-section elementor-element elementor-element-3ec42e6a elementor-section-boxed elementor-section-height-default elementor-section-height-default\" data-id=\"3ec42e6a\" data-element_type=\"section\">\n\t\t\t\t\t\t<div class=\"elementor-container elementor-column-gap-default\">\n\t\t\t\t\t\t\t<div class=\"elementor-row\">\n\t\t\t\t\t<div class=\"elementor-column elementor-col-50 elementor-inner-column elementor-element elementor-element-41c236e7\" data-id=\"41c236e7\" data-element_type=\"column\">\n\t\t\t<div class=\"elementor-column-wrap elementor-element-populated\">\n\t\t\t\t\t\t\t<div class=\"elementor-widget-wrap\">\n\t\t\t\t\t\t<div class=\"elementor-element elementor-element-1aac845d elementor-align-center elementor-widget elementor-widget-button\" data-id=\"1aac845d\" data-element_type=\"widget\" data-widget_type=\"button.default\">\n\t\t\t\t<div class=\"elementor-widget-container\">\n\t\t\t\t\t<div class=\"elementor-button-wrapper\">\n\t\t\t<a href=\"https:\/\/www.on-frame.com\/user\/login\" class=\"elementor-button-link elementor-button elementor-size-sm\" role=\"button\">\n\t\t\t\t\t\t<span class=\"elementor-button-content-wrapper\">\n\t\t\t\t\t\t<span class=\"elementor-button-text\">REGISTRATI QUI COME RIVENDITORE<\/span>\n\t\t<\/span>\n\t\t\t\t\t<\/a>\n\t\t<\/div>\n\t\t\t\t<\/div>\n\t\t\t\t<\/div>\n\t\t\t\t\t\t<\/div>\n\t\t\t\t\t<\/div>\n\t\t<\/div>\n\t\t\t\t<div class=\"elementor-column elementor-col-50 elementor-inner-column elementor-element elementor-element-66e4e37\" data-id=\"66e4e37\" data-element_type=\"column\">\n\t\t\t<div class=\"elementor-column-wrap elementor-element-populated\">\n\t\t\t\t\t\t\t<div class=\"elementor-widget-wrap\">\n\t\t\t\t\t\t<div class=\"elementor-element elementor-element-2a628e40 elementor-align-center elementor-widget elementor-widget-button\" data-id=\"2a628e40\" data-element_type=\"widget\" data-widget_type=\"button.default\">\n\t\t\t\t<div class=\"elementor-widget-container\">\n\t\t\t\t\t<div class=\"elementor-button-wrapper\">\n\t\t\t<a href=\"https:\/\/www.on-frame.com\/page\/contatti\/\" class=\"elementor-button-link elementor-button elementor-size-sm\" role=\"button\">\n\t\t\t\t\t\t<span class=\"elementor-button-content-wrapper\">\n\t\t\t\t\t\t<span class=\"elementor-button-text\">CONTATTACI PER MAGGIORI INFORMAZIONI<\/span>\n\t\t<\/span>\n\t\t\t\t\t<\/a>\n\t\t<\/div>\n\t\t\t\t<\/div>\n\t\t\t\t<\/div>\n\t\t\t\t\t\t<\/div>\n\t\t\t\t\t<\/div>\n\t\t<\/div>\n\t\t\t\t\t\t\t\t<\/div>\n\t\t\t\t\t<\/div>\n\t\t<\/section>\n\t\t\t\t\t\t<\/div>\n\t\t\t\t\t<\/div>\n\t\t<\/div>\n\t\t\t\t\t\t\t\t<\/div>\n\t\t\t\t\t<\/div>\n\t\t<\/section>\n\t\t\t\t\t\t\t\t\t<\/div>\n\t\t\t<\/div>\n\t\t\t\t\t<\/div>\n\t\t","protected":false},"excerpt":{"rendered":"<p>Contattaci per maggiori informazioni &gt;\u00a0 \u00a0 Tel.0302308688\u00a0 &#8211; \u00a0info@on-frame.com Domande frequenti Che tempistiche di spedizione [&hellip;]<\/p>\n","protected":false},"author":2,"featured_media":0,"parent":0,"menu_order":0,"comment_status":"closed","ping_status":"closed","template":"","meta":{"_acf_changed":false,"inline_featured_image":false,"footnotes":""},"class_list":["post-10713","page","type-page","status-publish","hentry"],"acf":[],"yoast_head":"<!-- This site is optimized with the Yoast SEO plugin v24.8.1 - https:\/\/yoast.com\/wordpress\/plugins\/seo\/ -->\n<title>Domande frequenti - Onframe<\/title>\n<meta name=\"description\" content=\"Scopri i migliori frame e lightbox per la comunicazione indoor. Contattaci e richiedi un preventivo o acquistalo subito online.\" \/>\n<meta name=\"robots\" content=\"index, follow, max-snippet:-1, max-image-preview:large, max-video-preview:-1\" \/>\n<link rel=\"canonical\" href=\"https:\/\/www.on-frame.com\/en\/page\/domande-frequenti-onframe\/\" \/>\n<meta property=\"og:locale\" content=\"en_US\" \/>\n<meta property=\"og:type\" content=\"article\" \/>\n<meta property=\"og:title\" content=\"Domande frequenti - Onframe\" \/>\n<meta property=\"og:description\" content=\"Scopri i migliori frame e lightbox per la comunicazione indoor. Contattaci e richiedi un preventivo o acquistalo subito online.\" \/>\n<meta property=\"og:url\" content=\"https:\/\/www.on-frame.com\/en\/page\/domande-frequenti-onframe\/\" \/>\n<meta property=\"og:site_name\" content=\"Onframe\" \/>\n<meta property=\"article:modified_time\" content=\"2026-03-25T13:07:29+00:00\" \/>\n<meta name=\"twitter:card\" content=\"summary_large_image\" \/>\n<meta name=\"twitter:label1\" content=\"Est. reading time\" \/>\n\t<meta name=\"twitter:data1\" content=\"2 minutes\" \/>\n<script type=\"application\/ld+json\" class=\"yoast-schema-graph\">{\"@context\":\"https:\/\/schema.org\",\"@graph\":[{\"@type\":\"WebPage\",\"@id\":\"https:\/\/www.on-frame.com\/en\/page\/domande-frequenti-onframe\/\",\"url\":\"https:\/\/www.on-frame.com\/en\/page\/domande-frequenti-onframe\/\",\"name\":\"Domande frequenti - Onframe\",\"isPartOf\":{\"@id\":\"https:\/\/www.on-frame.com\/#website\"},\"datePublished\":\"2022-11-30T11:01:19+00:00\",\"dateModified\":\"2026-03-25T13:07:29+00:00\",\"description\":\"Scopri i migliori frame e lightbox per la comunicazione indoor. Contattaci e richiedi un preventivo o acquistalo subito online.\",\"breadcrumb\":{\"@id\":\"https:\/\/www.on-frame.com\/en\/page\/domande-frequenti-onframe\/#breadcrumb\"},\"inLanguage\":\"en-US\",\"potentialAction\":[{\"@type\":\"ReadAction\",\"target\":[\"https:\/\/www.on-frame.com\/en\/page\/domande-frequenti-onframe\/\"]}]},{\"@type\":\"BreadcrumbList\",\"@id\":\"https:\/\/www.on-frame.com\/en\/page\/domande-frequenti-onframe\/#breadcrumb\",\"itemListElement\":[{\"@type\":\"ListItem\",\"position\":1,\"name\":\"Home\",\"item\":\"https:\/\/www.on-frame.com\/en\/\"},{\"@type\":\"ListItem\",\"position\":2,\"name\":\"Domande frequenti\"}]},{\"@type\":\"WebSite\",\"@id\":\"https:\/\/www.on-frame.com\/#website\",\"url\":\"https:\/\/www.on-frame.com\/\",\"name\":\"Onframe\",\"description\":\"Frame e Lightbox, insegne modulari per ogni ambiente\",\"potentialAction\":[{\"@type\":\"SearchAction\",\"target\":{\"@type\":\"EntryPoint\",\"urlTemplate\":\"https:\/\/www.on-frame.com\/?s={search_term_string}\"},\"query-input\":{\"@type\":\"PropertyValueSpecification\",\"valueRequired\":true,\"valueName\":\"search_term_string\"}}],\"inLanguage\":\"en-US\"}]}<\/script>\n<!-- \/ Yoast SEO plugin. -->","yoast_head_json":{"title":"Domande frequenti - Onframe","description":"Scopri i migliori frame e lightbox per la comunicazione indoor. Contattaci e richiedi un preventivo o acquistalo subito online.","robots":{"index":"index","follow":"follow","max-snippet":"max-snippet:-1","max-image-preview":"max-image-preview:large","max-video-preview":"max-video-preview:-1"},"canonical":"https:\/\/www.on-frame.com\/en\/page\/domande-frequenti-onframe\/","og_locale":"en_US","og_type":"article","og_title":"Domande frequenti - Onframe","og_description":"Scopri i migliori frame e lightbox per la comunicazione indoor. Contattaci e richiedi un preventivo o acquistalo subito online.","og_url":"https:\/\/www.on-frame.com\/en\/page\/domande-frequenti-onframe\/","og_site_name":"Onframe","article_modified_time":"2026-03-25T13:07:29+00:00","twitter_card":"summary_large_image","twitter_misc":{"Est. reading time":"2 minutes"},"schema":{"@context":"https:\/\/schema.org","@graph":[{"@type":"WebPage","@id":"https:\/\/www.on-frame.com\/en\/page\/domande-frequenti-onframe\/","url":"https:\/\/www.on-frame.com\/en\/page\/domande-frequenti-onframe\/","name":"Domande frequenti - Onframe","isPartOf":{"@id":"https:\/\/www.on-frame.com\/#website"},"datePublished":"2022-11-30T11:01:19+00:00","dateModified":"2026-03-25T13:07:29+00:00","description":"Scopri i migliori frame e lightbox per la comunicazione indoor. Contattaci e richiedi un preventivo o acquistalo subito online.","breadcrumb":{"@id":"https:\/\/www.on-frame.com\/en\/page\/domande-frequenti-onframe\/#breadcrumb"},"inLanguage":"en-US","potentialAction":[{"@type":"ReadAction","target":["https:\/\/www.on-frame.com\/en\/page\/domande-frequenti-onframe\/"]}]},{"@type":"BreadcrumbList","@id":"https:\/\/www.on-frame.com\/en\/page\/domande-frequenti-onframe\/#breadcrumb","itemListElement":[{"@type":"ListItem","position":1,"name":"Home","item":"https:\/\/www.on-frame.com\/en\/"},{"@type":"ListItem","position":2,"name":"Domande frequenti"}]},{"@type":"WebSite","@id":"https:\/\/www.on-frame.com\/#website","url":"https:\/\/www.on-frame.com\/","name":"Onframe","description":"Frame e Lightbox, insegne modulari per ogni ambiente","potentialAction":[{"@type":"SearchAction","target":{"@type":"EntryPoint","urlTemplate":"https:\/\/www.on-frame.com\/?s={search_term_string}"},"query-input":{"@type":"PropertyValueSpecification","valueRequired":true,"valueName":"search_term_string"}}],"inLanguage":"en-US"}]}},"_links":{"self":[{"href":"https:\/\/www.on-frame.com\/en\/wp-json\/wp\/v2\/pages\/10713"}],"collection":[{"href":"https:\/\/www.on-frame.com\/en\/wp-json\/wp\/v2\/pages"}],"about":[{"href":"https:\/\/www.on-frame.com\/en\/wp-json\/wp\/v2\/types\/page"}],"author":[{"embeddable":true,"href":"https:\/\/www.on-frame.com\/en\/wp-json\/wp\/v2\/users\/2"}],"replies":[{"embeddable":true,"href":"https:\/\/www.on-frame.com\/en\/wp-json\/wp\/v2\/comments?post=10713"}],"version-history":[{"count":8,"href":"https:\/\/www.on-frame.com\/en\/wp-json\/wp\/v2\/pages\/10713\/revisions"}],"predecessor-version":[{"id":15069,"href":"https:\/\/www.on-frame.com\/en\/wp-json\/wp\/v2\/pages\/10713\/revisions\/15069"}],"wp:attachment":[{"href":"https:\/\/www.on-frame.com\/en\/wp-json\/wp\/v2\/media?parent=10713"}],"curies":[{"name":"wp","href":"https:\/\/api.w.org\/{rel}","templated":true}]}}