{"id":10948,"date":"2019-08-07T12:07:05","date_gmt":"2019-08-07T10:07:05","guid":{"rendered":"https:\/\/www.on-frame.com\/page\/privacy-policy\/"},"modified":"2022-12-02T11:21:13","modified_gmt":"2022-12-02T10:21:13","slug":"privacy-policy","status":"publish","type":"page","link":"https:\/\/www.on-frame.com\/de\/page\/privacy-policy\/","title":{"rendered":"Datenschutzbestimmungen"},"content":{"rendered":"\t\t<div data-elementor-type=\"wp-page\" data-elementor-id=\"10948\" class=\"elementor elementor-10948 elementor-3\">\n\t\t\t\t\t\t<div class=\"elementor-inner\">\n\t\t\t\t<div class=\"elementor-section-wrap\">\n\t\t\t\t\t\t\t\t\t<section class=\"elementor-section elementor-top-section elementor-element elementor-element-58bf363 elementor-section-boxed elementor-section-height-default elementor-section-height-default\" data-id=\"58bf363\" data-element_type=\"section\">\n\t\t\t\t\t\t<div class=\"elementor-container elementor-column-gap-default\">\n\t\t\t\t\t\t\t<div class=\"elementor-row\">\n\t\t\t\t\t<div class=\"elementor-column elementor-col-100 elementor-top-column elementor-element elementor-element-2c34e025\" data-id=\"2c34e025\" data-element_type=\"column\">\n\t\t\t<div class=\"elementor-column-wrap elementor-element-populated\">\n\t\t\t\t\t\t\t<div class=\"elementor-widget-wrap\">\n\t\t\t\t\t\t<div class=\"elementor-element elementor-element-757dedda elementor-widget elementor-widget-text-editor\" data-id=\"757dedda\" data-element_type=\"widget\" data-widget_type=\"text-editor.default\">\n\t\t\t\t<div class=\"elementor-widget-container\">\n\t\t\t\t\t\t\t\t<div class=\"elementor-text-editor elementor-clearfix\">\n\t\t\t\t<h1>Datenschutzbestimmungen<\/h1><p>Gem\u00e4\u00df Artikel 13 der Europ\u00e4ischen Verordnung 2016\/679 (die \u201eDatenschutzverordnung\u201c) m\u00f6chte ONFRAME SRL alle Nutzer und\/oder Besucher der Website www.on-frame.com (die \u201eNutzer\u201c bzw. die \u201eWebsite&#8220;) \u00fcber die Verwendung von personenbezogenen Daten, Protokolldateien und Cookies informieren, die \u00fcber die Website gesammelt werden.<\/p><p>\u00a0<\/p><h2>1. Inhaberin und Datenschutzbeauftragte<\/h2><p>Der Inhaber der personenbezogenen Daten ist ONFRAME SRL (Steuernummer und MwSt.-Nr. 04236430981) mit Sitz in Catell mella (BS), E-Mail info@on-frame.com, (im Folgenden der \u201eInhaber der Datenverarbeitung\u201c).<\/p><h2>2. Von der Website gesammelte Informationen<\/h2><p><b>a) automatisch<\/b><br \/>&#8211; Navigationsdaten:<br \/>Die f\u00fcr den Betrieb dieser Website verwendeten Computersysteme und Softwareverfahren erfassen im Rahmen ihres normalen Betriebs bestimmte personenbezogene Daten, deren \u00dcbermittlung durch die Verwendung von Internet-Kommunikationsprotokollen implizit ist.<br \/>Diese Daten, die f\u00fcr die Nutzung der Webdienste erforderlich sind, werden auch zu folgenden Zwecken verarbeitet:<br \/>&#8211; statistische Informationen \u00fcber die Nutzung der Dienste zu erhalten &#8211; das ordnungsgem\u00e4\u00dfe Funktionieren der angebotenen Dienste zu \u00fcberpr\u00fcfen.<br \/>Die Browsing-Daten werden nicht l\u00e4nger als 180 Tage aufbewahrt (au\u00dfer im Falle strafrechtlicher Ermittlungen der Justizbeh\u00f6rden).<\/p><p><b>b) vom Nutzer \u00fcbermittelt <\/b><br \/>\u2013 Vom Nutzer \u00fcbermittelte Daten:<br \/>Die fakultative, ausdr\u00fcckliche und freiwillige \u00dcbermittlung von Daten \u00fcber die verschiedenen Formulare auf der Website hat die Erfassung der Daten des Absenders zur Folge, die f\u00fcr die Erf\u00fcllung von Kontaktanfragen, die Lieferung von Produkten und\/oder Dienstleistungen und die Vergabe von Berechtigungsnachweisen erforderlich sind.<\/p><p><b>c) \u00fcber Cookies<\/b><br \/>Die Website verwendet Cookies, f\u00fcr die Sie sich bitte auf die erweiterte \u201eCookie-Datenschutz\u201c-Politik beziehen.<\/p><h2>3. Arten von personenbezogenen Daten, Zwecke, Rechtsgrundlage und Aufbewahrungsfristen<\/h2><p>Wir ben\u00f6tigen die angeforderten und zur Verf\u00fcgung gestellten personenbezogenen Daten, um Ihnen den Zugriff auf die Website und die Nutzung der folgenden Dienste zu erm\u00f6glichen:<\/p><p>Art der Dienstleistung: Zugang zum reservierten Bereich\/Downloadbereich<br \/>Art der erhobenen personenbezogenen Daten: pers\u00f6nliche Daten, Zugangsdaten, Kontakte Zweck: Erm\u00f6glicht den Zugriff auf Material, das ausschlie\u00dflich registrierten Personen vorbehalten ist (eingeschr\u00e4nkter Bereich); Rechtsgrundlage: Vertragserf\u00fcllung Aufbewahrungsdauer: bis zum Antrag auf L\u00f6schung aus dem eingeschr\u00e4nkten Bereich<br \/>Art der Dienstleistung: Kontaktbereich f\u00fcr Produkte\/Dienstleistungen<br \/>Art der erhobenen personenbezogenen Daten: pers\u00f6nliche Angaben, Kontaktdaten (z. B. E-Mail, Telefonnummern usw.)<br \/>Zweck: durch Ausf\u00fcllen eines speziellen Formulars die Referenzen der Nutzer der Website zu erfassen, um Anfragen nach Informationen\/ kommerziellen Kontakten zu erf\u00fcllen (Kontaktbereich) Rechtsgrundlage: Vertragserf\u00fcllung und berechtigtes Interesse.<br \/>Aufbewahrungszeiten: 24 Monate nach Erwerb oder Erneuerung des Kontakts oder bis zum Widerruf des Kontakts<br \/>Art der Dienstleistung: Nutzung des E-Commerce-Dienstes; Art der erhobenen personenbezogenen Daten: pers\u00f6nliche Angaben, Kontaktdaten (z. B. E-Mail, Telefonnummern), Bank-\/Finanzdaten.<br \/>Zweck: Ausf\u00fchrung eines KAUFVERTRAGES F\u00dcR PRODUKTE &#8211; DIENSTLEISTUNGEN (E-COMMERCE)<br \/>Rechtsgrundlage: Ausf\u00fchrung eines Vertrages<br \/>Aufbewahrungsfrist: bis zur Erf\u00fcllung der zivilrechtlichen Verpflichtungen<br \/>Art der Dienstleistung: Newsletter-Service;<br \/>Art der erhobenen personenbezogenen Daten: Stammdaten, E-Mail-Kontaktdaten.<br \/>Zweck: Kontaktaufnahme mit den Abonnenten durch die Zusendung eines regelm\u00e4\u00dfigen Newsletters \u00fcber die Aktivit\u00e4ten des Unternehmens (NEWSLETTER)<br \/>Rechtsgrundlage: Einwilligung<br \/>Aufbewahrungsfrist: bis zum Widerruf der Einwilligung<\/p><p>Die Verarbeitung der Daten f\u00fcr die oben genannten Zwecke erfolgt in \u00dcbereinstimmung mit der Datenschutzverordnung und allen sektorspezifischen Vorschriften.<\/p><p>Die zur Verf\u00fcgung gestellten Daten werden haupts\u00e4chlich mit Hilfe von Computern unter der Aufsicht des f\u00fcr die Verarbeitung Verantwortlichen und von Personen verarbeitet, die gem\u00e4\u00df Artikel 28 und 29 der Datenschutzverordnung speziell mit der Verarbeitung dieser Daten beauftragt, befugt und geschult sind. Bitte beachten Sie, dass auch gem\u00e4\u00df Artikel 5 und 32 der Datenschutzverordnung geeignete Sicherheitsma\u00dfnahmen getroffen werden, um Datenverlust, unrechtm\u00e4\u00dfige oder falsche Verwendung und unbefugten Zugriff zu verhindern.<\/p><h2>4. Obligatorischer oder fakultativer Charakter der Zustimmung zur Bereitstellung von Daten<\/h2><p>Die Angabe der Daten ist fakultativ, aber wenn sie nicht angegeben werden, ist es nicht m\u00f6glich, einige der Dienste auf unserer Website zu nutzen<\/p><p>\u00a0<\/p><h2>5. Wo wir Daten \u00fcbermitteln k\u00f6nnen<\/h2><p>Die Daten k\u00f6nnen innerhalb der EU unter vollst\u00e4ndiger Einhaltung der Bestimmungen der Datenschutzverordnung an die folgenden Stellen weitergegeben werden:<\/p><p>(1) an die Finanzverwaltung und\/oder andere \u00f6ffentliche Beh\u00f6rden, wenn dies gesetzlich vorgeschrieben ist oder auf deren Ersuchen;<\/p><p>(2) an externe Strukturen, Einrichtungen und Unternehmen, die der f\u00fcr die Datenverarbeitung Verantwortliche f\u00fcr die Durchf\u00fchrung von T\u00e4tigkeiten einsetzt, die mit der Erbringung der Website-Dienste verbunden sind, dazu beitragen oder sich daraus ergeben;<\/p><p>(3) an Kreditinstitute zu Zwecken, die f\u00fcr den eventuellen Kauf von Waren\/Dienstleistungen von Bedeutung sind, wenn es einen E-Commerce-Bereich gibt. Die von der Website automatisch erfassten Daten k\u00f6nnen auch an Cloud-Server von Dritten \u00fcbertragen werden, die sich au\u00dferhalb der EU befinden, wenn eine solche Verarbeitung f\u00fcr die Erbringung der Website-Dienste erforderlich ist.<br \/>Die Rechtsgrundlage f\u00fcr diese Verarbeitung ist daher Artikel 49 Absatz 1 Buchstabe b der Datenschutzverordnung.<\/p><h2>6. Sicherheitsma\u00dfnahmen<\/h2><p>Die Verarbeitung von Daten \u00fcber die Website erfolgt in \u00dcbereinstimmung mit dem geltenden Recht und unter Anwendung geeigneter Sicherheitsma\u00dfnahmen gem\u00e4\u00df den geltenden Rechtsvorschriften, auch gem\u00e4\u00df den Artikeln 5 und 32 der Datenschutzverordnung.<br \/>In diesem Zusammenhang best\u00e4tigen wir unter anderem, dass geeignete Sicherheitsma\u00dfnahmen ergriffen werden, um den unbefugten Zugang zu den verarbeiteten Daten sowie deren Diebstahl, Offenlegung, \u00c4nderung oder Zerst\u00f6rung zu verhindern.<\/p><h2>7. Rechte<\/h2><p>Bitte beachten Sie, dass Sie Ihre Rechte gem\u00e4\u00df Artikel 15 ff. der Datenschutzverordnung jederzeit aus\u00fcben k\u00f6nnen, indem Sie eine schriftliche Mitteilung an die Kontaktdaten des f\u00fcr die Verarbeitung Verantwortlichen senden, um diese zu erhalten:<br \/>&#8211; die Best\u00e4tigung des Vorhandenseins oder Nichtvorhandenseins von personenbezogenen Daten mit Angabe ihrer Herkunft, die \u00dcberpr\u00fcfung ihrer Richtigkeit oder die Aufforderung, sie zu aktualisieren, zu berichtigen oder zu erg\u00e4nzen;<br \/>&#8211; den Zugang, die L\u00f6schung von Daten oder die Einschr\u00e4nkung der Verarbeitung;<br \/>&#8211; die Umwandlung in anonyme Form oder die Sperrung von Daten, die unter Verletzung des Gesetzes verarbeitet wurden.<\/p><p>Man kann auch gegen die Verarbeitung der zuvor \u00fcbermittelten personenbezogenen Daten Widerspruch einlegen.<br \/>In Bezug auf den Newsletter wird darauf hingewiesen, dass die Abmeldung \u00fcber einen speziellen Link\/Button explizit vorgenommen werden kann.<\/p><h2>8. \u00c4nderungen der Datenschutzrichtlinie<\/h2><p>Der f\u00fcr die Verarbeitung Verantwortliche beh\u00e4lt sich das Recht vor, diese Datenschutzrichtlinie zu \u00e4ndern und fr\u00fchere Versionen zu ersetzen. Diese Bekanntmachung wurde im M\u00e4rz 2021 ver\u00f6ffentlicht.<br \/>Die vorliegenden Informationen wurden im M\u00e4rz 2021 ver\u00f6ffentlicht.<\/p>\t\t\t\t\t<\/div>\n\t\t\t\t\t\t<\/div>\n\t\t\t\t<\/div>\n\t\t\t\t\t\t<\/div>\n\t\t\t\t\t<\/div>\n\t\t<\/div>\n\t\t\t\t\t\t\t\t<\/div>\n\t\t\t\t\t<\/div>\n\t\t<\/section>\n\t\t\t\t\t\t\t\t\t<\/div>\n\t\t\t<\/div>\n\t\t\t\t\t<\/div>\n\t\t","protected":false},"excerpt":{"rendered":"<p>Datenschutzbestimmungen Gem\u00e4\u00df Artikel 13 der Europ\u00e4ischen Verordnung 2016\/679 (die \u201eDatenschutzverordnung\u201c) m\u00f6chte ONFRAME SRL alle Nutzer [&hellip;]<\/p>\n","protected":false},"author":1,"featured_media":0,"parent":0,"menu_order":0,"comment_status":"closed","ping_status":"open","template":"","meta":{"_acf_changed":false,"inline_featured_image":false,"footnotes":""},"class_list":["post-10948","page","type-page","status-publish","hentry"],"acf":[],"yoast_head":"<!-- This site is optimized with the Yoast SEO plugin v24.8.1 - https:\/\/yoast.com\/wordpress\/plugins\/seo\/ -->\n<title>Onframe - Datenschutzbestimmungen<\/title>\n<meta name=\"description\" content=\"Gem\u00e4\u00df Artikel 13 der Europ\u00e4ischen Verordnung 2016\/679 (die \u201eDatenschutzverordnung\u201c) m\u00f6chte ONFRAME SRL alle Nutzer und\/oder Besucher der Website www.on-frame.com\" \/>\n<meta name=\"robots\" content=\"index, follow, max-snippet:-1, max-image-preview:large, max-video-preview:-1\" \/>\n<link rel=\"canonical\" href=\"https:\/\/www.on-frame.com\/de\/page\/privacy-policy\/\" \/>\n<meta property=\"og:locale\" content=\"de_DE\" \/>\n<meta property=\"og:type\" content=\"article\" \/>\n<meta property=\"og:title\" content=\"Onframe - Datenschutzbestimmungen\" \/>\n<meta property=\"og:description\" content=\"Gem\u00e4\u00df Artikel 13 der Europ\u00e4ischen Verordnung 2016\/679 (die \u201eDatenschutzverordnung\u201c) m\u00f6chte ONFRAME SRL alle Nutzer und\/oder Besucher der Website www.on-frame.com\" \/>\n<meta property=\"og:url\" content=\"https:\/\/www.on-frame.com\/de\/page\/privacy-policy\/\" \/>\n<meta property=\"og:site_name\" content=\"Onframe\" \/>\n<meta property=\"article:modified_time\" content=\"2022-12-02T10:21:13+00:00\" \/>\n<meta name=\"twitter:card\" content=\"summary_large_image\" \/>\n<meta name=\"twitter:label1\" content=\"Gesch\u00e4tzte Lesezeit\" \/>\n\t<meta name=\"twitter:data1\" content=\"6\u00a0Minuten\" \/>\n<script type=\"application\/ld+json\" class=\"yoast-schema-graph\">{\"@context\":\"https:\/\/schema.org\",\"@graph\":[{\"@type\":\"WebPage\",\"@id\":\"https:\/\/www.on-frame.com\/de\/page\/privacy-policy\/\",\"url\":\"https:\/\/www.on-frame.com\/de\/page\/privacy-policy\/\",\"name\":\"Onframe - Datenschutzbestimmungen\",\"isPartOf\":{\"@id\":\"https:\/\/www.on-frame.com\/#website\"},\"datePublished\":\"2019-08-07T10:07:05+00:00\",\"dateModified\":\"2022-12-02T10:21:13+00:00\",\"description\":\"Gem\u00e4\u00df Artikel 13 der Europ\u00e4ischen Verordnung 2016\/679 (die \u201eDatenschutzverordnung\u201c) m\u00f6chte ONFRAME SRL alle Nutzer und\/oder Besucher der Website www.on-frame.com\",\"breadcrumb\":{\"@id\":\"https:\/\/www.on-frame.com\/de\/page\/privacy-policy\/#breadcrumb\"},\"inLanguage\":\"de\",\"potentialAction\":[{\"@type\":\"ReadAction\",\"target\":[\"https:\/\/www.on-frame.com\/de\/page\/privacy-policy\/\"]}]},{\"@type\":\"BreadcrumbList\",\"@id\":\"https:\/\/www.on-frame.com\/de\/page\/privacy-policy\/#breadcrumb\",\"itemListElement\":[{\"@type\":\"ListItem\",\"position\":1,\"name\":\"Home\",\"item\":\"https:\/\/www.on-frame.com\/de\/\"},{\"@type\":\"ListItem\",\"position\":2,\"name\":\"Datenschutzbestimmungen\"}]},{\"@type\":\"WebSite\",\"@id\":\"https:\/\/www.on-frame.com\/#website\",\"url\":\"https:\/\/www.on-frame.com\/\",\"name\":\"Onframe\",\"description\":\"Frame e Lightbox, insegne modulari per ogni ambiente\",\"potentialAction\":[{\"@type\":\"SearchAction\",\"target\":{\"@type\":\"EntryPoint\",\"urlTemplate\":\"https:\/\/www.on-frame.com\/?s={search_term_string}\"},\"query-input\":{\"@type\":\"PropertyValueSpecification\",\"valueRequired\":true,\"valueName\":\"search_term_string\"}}],\"inLanguage\":\"de\"}]}<\/script>\n<!-- \/ Yoast SEO plugin. -->","yoast_head_json":{"title":"Onframe - Datenschutzbestimmungen","description":"Gem\u00e4\u00df Artikel 13 der Europ\u00e4ischen Verordnung 2016\/679 (die \u201eDatenschutzverordnung\u201c) m\u00f6chte ONFRAME SRL alle Nutzer und\/oder Besucher der Website www.on-frame.com","robots":{"index":"index","follow":"follow","max-snippet":"max-snippet:-1","max-image-preview":"max-image-preview:large","max-video-preview":"max-video-preview:-1"},"canonical":"https:\/\/www.on-frame.com\/de\/page\/privacy-policy\/","og_locale":"de_DE","og_type":"article","og_title":"Onframe - Datenschutzbestimmungen","og_description":"Gem\u00e4\u00df Artikel 13 der Europ\u00e4ischen Verordnung 2016\/679 (die \u201eDatenschutzverordnung\u201c) m\u00f6chte ONFRAME SRL alle Nutzer und\/oder Besucher der Website www.on-frame.com","og_url":"https:\/\/www.on-frame.com\/de\/page\/privacy-policy\/","og_site_name":"Onframe","article_modified_time":"2022-12-02T10:21:13+00:00","twitter_card":"summary_large_image","twitter_misc":{"Gesch\u00e4tzte Lesezeit":"6\u00a0Minuten"},"schema":{"@context":"https:\/\/schema.org","@graph":[{"@type":"WebPage","@id":"https:\/\/www.on-frame.com\/de\/page\/privacy-policy\/","url":"https:\/\/www.on-frame.com\/de\/page\/privacy-policy\/","name":"Onframe - Datenschutzbestimmungen","isPartOf":{"@id":"https:\/\/www.on-frame.com\/#website"},"datePublished":"2019-08-07T10:07:05+00:00","dateModified":"2022-12-02T10:21:13+00:00","description":"Gem\u00e4\u00df Artikel 13 der Europ\u00e4ischen Verordnung 2016\/679 (die \u201eDatenschutzverordnung\u201c) m\u00f6chte ONFRAME SRL alle Nutzer und\/oder Besucher der Website www.on-frame.com","breadcrumb":{"@id":"https:\/\/www.on-frame.com\/de\/page\/privacy-policy\/#breadcrumb"},"inLanguage":"de","potentialAction":[{"@type":"ReadAction","target":["https:\/\/www.on-frame.com\/de\/page\/privacy-policy\/"]}]},{"@type":"BreadcrumbList","@id":"https:\/\/www.on-frame.com\/de\/page\/privacy-policy\/#breadcrumb","itemListElement":[{"@type":"ListItem","position":1,"name":"Home","item":"https:\/\/www.on-frame.com\/de\/"},{"@type":"ListItem","position":2,"name":"Datenschutzbestimmungen"}]},{"@type":"WebSite","@id":"https:\/\/www.on-frame.com\/#website","url":"https:\/\/www.on-frame.com\/","name":"Onframe","description":"Frame e Lightbox, insegne modulari per ogni ambiente","potentialAction":[{"@type":"SearchAction","target":{"@type":"EntryPoint","urlTemplate":"https:\/\/www.on-frame.com\/?s={search_term_string}"},"query-input":{"@type":"PropertyValueSpecification","valueRequired":true,"valueName":"search_term_string"}}],"inLanguage":"de"}]}},"_links":{"self":[{"href":"https:\/\/www.on-frame.com\/de\/wp-json\/wp\/v2\/pages\/10948"}],"collection":[{"href":"https:\/\/www.on-frame.com\/de\/wp-json\/wp\/v2\/pages"}],"about":[{"href":"https:\/\/www.on-frame.com\/de\/wp-json\/wp\/v2\/types\/page"}],"author":[{"embeddable":true,"href":"https:\/\/www.on-frame.com\/de\/wp-json\/wp\/v2\/users\/1"}],"replies":[{"embeddable":true,"href":"https:\/\/www.on-frame.com\/de\/wp-json\/wp\/v2\/comments?post=10948"}],"version-history":[{"count":2,"href":"https:\/\/www.on-frame.com\/de\/wp-json\/wp\/v2\/pages\/10948\/revisions"}],"predecessor-version":[{"id":11261,"href":"https:\/\/www.on-frame.com\/de\/wp-json\/wp\/v2\/pages\/10948\/revisions\/11261"}],"wp:attachment":[{"href":"https:\/\/www.on-frame.com\/de\/wp-json\/wp\/v2\/media?parent=10948"}],"curies":[{"name":"wp","href":"https:\/\/api.w.org\/{rel}","templated":true}]}}