{"id":10943,"date":"2019-08-29T15:14:12","date_gmt":"2019-08-29T13:14:12","guid":{"rendered":"https:\/\/www.on-frame.com\/page\/condizioni-di-vendita\/"},"modified":"2023-04-05T13:11:24","modified_gmt":"2023-04-05T11:11:24","slug":"allgemeine-verkaufs-und-dienstleistungsbedingunnen","status":"publish","type":"page","link":"https:\/\/www.on-frame.com\/de\/page\/allgemeine-verkaufs-und-dienstleistungsbedingunnen\/","title":{"rendered":"Allgemeine Verkaufs"},"content":{"rendered":"\t\t<div data-elementor-type=\"wp-page\" data-elementor-id=\"10943\" class=\"elementor elementor-10943 elementor-23\">\n\t\t\t\t\t\t<div class=\"elementor-inner\">\n\t\t\t\t<div class=\"elementor-section-wrap\">\n\t\t\t\t\t\t\t\t\t<section class=\"elementor-section elementor-top-section elementor-element elementor-element-2e53c74 elementor-section-boxed elementor-section-height-default elementor-section-height-default\" data-id=\"2e53c74\" data-element_type=\"section\">\n\t\t\t\t\t\t<div class=\"elementor-container elementor-column-gap-default\">\n\t\t\t\t\t\t\t<div class=\"elementor-row\">\n\t\t\t\t\t<div class=\"elementor-column elementor-col-100 elementor-top-column elementor-element elementor-element-ef1b57f\" data-id=\"ef1b57f\" data-element_type=\"column\">\n\t\t\t<div class=\"elementor-column-wrap elementor-element-populated\">\n\t\t\t\t\t\t\t<div class=\"elementor-widget-wrap\">\n\t\t\t\t\t\t<div class=\"elementor-element elementor-element-206b4bc elementor-widget elementor-widget-text-editor\" data-id=\"206b4bc\" data-element_type=\"widget\" data-widget_type=\"text-editor.default\">\n\t\t\t\t<div class=\"elementor-widget-container\">\n\t\t\t\t\t\t\t\t<div class=\"elementor-text-editor elementor-clearfix\">\n\t\t\t\t<h1>Allgemeine Verkaufs- und Dienstleistungsbedingungen<\/h1>\n<p>Der Kauf von Produkten oder Dienstleistungen auf on-frame.com (die \u201eWebsite\u201c) unterliegt den folgenden Bedingungen (die \u201eBedingungen\u201c).<br>Durch Anklicken der Schaltfl\u00e4che \u201eIch akzeptiere\u201c akzeptiert der Nutzer die Bedingungen ohne Einschr\u00e4nkung oder Vorbehalt. Die Website ist Eigentum von Onframe srl mit Sitz in Via Renolda, 43, 25030 &#8211; Castel Mella (BS), Italien, Steuernummer 04236430981 (\u201eOnframe srl\u201c).<\/p>\n<h2>1. Von der Website angebotene Dienstleistungen<\/h2>\n<p>Die Website erm\u00f6glicht die Nutzung der Bright Signage-Konfigurationsdienste (zusammenfassend die \u201eDienste\u201c), einschlie\u00dflich der Konfiguration von Aluminiumprofilen f\u00fcr die Erstellung von \u201eSoft Signage\u201c und des Drucks auf Stofftr\u00e4gern (die \u201eProdukte\u201c) mit Hauszustellung, d.h. mit Zustellung an Dritte durch Postzustelldienste ausschlie\u00dflich innerhalb des italienischen Staatsgebiets (der &#8222;Postdienst&#8220;). Sofern nicht anders angegeben, gelten diese Bedingungen f\u00fcr alle von der Gruppo Masserdotti Spa angebotenen Dienstleistungen, sofern sie mit diesen vereinbar sind.<br>Um auf die Dienste zugreifen zu k\u00f6nnen, ist es erforderlich, sich auf der Website zu registrieren. Bei der Registrierung werden die Nutzer aufgefordert, anzugeben, ob sie sich als Unternehmen, Einzelunternehmen\/Freiberufler, Privatperson oder Verein registrieren lassen und damit einkaufen wollen, sowie die Nationalit\u00e4t des Nutzers anzugeben. Nur der Kauf von Dienstleistungen durch private Nutzer unterliegt den geltenden Verbraucherschutzbestimmungen gem\u00e4\u00df Gesetzerlass 06.09.09.2005 Nr. 206 (das \u201eVerbraucherschutzgesetz\u201c).<br>Alle auf der Website angezeigten Endpreise f\u00fcr die Dienstleistungen sind in Euro angegeben und k\u00f6nnen je nach Land oder Art der Registrierung mit oder ohne Mehrwertsteuer angezeigt werden. Die Preise der Dienstleistungen k\u00f6nnen sich von Zeit zu Zeit \u00e4ndern. Bei bestimmten Produkten und Angeboten sind die Versandkosten inbegriffen. F\u00fcr alle anderen Produkte gehen sie zu Lasten des Benutzers.<\/p>\n<h2>2. Produktauswahl und Einkaufsm\u00f6glichkeiten<\/h2>\n<p>Nach dem Einloggen kann der Nutzer, wie in den entsprechenden Abschnitten beschrieben, die Produkte ausw\u00e4hlen, sie individuell gestalten, und die gew\u00fcnschten Mengen in seinen Warenkorb legen. Einige Bilder werden zu Informationszwecken zur Verf\u00fcgung gestellt und k\u00f6nnen vom Aussehen des gelieferten Produkts abweichen.<br>Der Nutzer bleibt allein verantwortlich f\u00fcr die \u00dcberpr\u00fcfung des Inhalts, der Rechtschreibung und der Grafiken der hochgeladenen Dateien.<br>Nachdem die gew\u00fcnschten Artikel ausgew\u00e4hlt wurden, wird ein Bildschirm f\u00fcr die Bestellung angezeigt, auf dem die Gesamtkosten und -geb\u00fchren f\u00fcr alle ausgew\u00e4hlten Produkte und\/oder Dienstleistungen angegeben sind.<\/p>\n<h2>3. Zahlungen und Hochladung der Inhalten<\/h2>\n<p>Der Kunde kann die Dienstleistungen online erwerben und Zahlungen per Kreditkarte (Visa oder MasterCard), \u00fcber Paypal oder per Bank\u00fcberweisung leisten, wie auf der Website angegeben, wobei er die f\u00fcr den Kaufvorgang angegebenen Anweisungen befolgt.<br>Die f\u00fcr die Zahlung erforderlichen Informationen werden \u00fcber verschl\u00fcsselte Protokolle an das von der Gruppo Masserdotti Spa beauftragte Zahlungsinstitut weitergeleitet, ohne dass Dritte darauf zugreifen k\u00f6nnen.<br>Die Zahlungen sind im Voraus zu leisten, und erst nach erfolgter Zahlung werden die ausgew\u00e4hlten Artikel in Produktion gegeben.<br>Bei Zahlungen per Bank\u00fcberweisung beginnt die Produktion erst, wenn das Guthaben gutgeschrieben wurde, so dass sich die Lieferung um 2-3 Tage verz\u00f6gern kann, zuz\u00fcglich der Zeit f\u00fcr Druck und Versand. Auch in diesem Fall ist es notwendig, die Auftragsnummer im Verwendungszweck anzugeben, um die Transaktion zu identifizieren.<br>Die Rechnung wird dem Kunden in seinem reservierten Bereich in einer speziellen Rubrik zur Verf\u00fcgung gestellt: es liegt an der Verantwortung des Kunden, auf diesen Bereich zuzugreifen, das Dokument auszudrucken und es gem\u00e4\u00df den geltenden Vorschriften aufzubewahren.<\/p>\n<h2>4. Verantwortung der Nutzer f\u00fcr hochgeladene Inhalte<\/h2>\n<p>Die Auswahl der zu druckenden Inhalte und Bilder, sowie die Einholung der entsprechenden Genehmigungen f\u00fcr deren Reproduktion, soweit erforderlich, sowie &#8211; im Falle des Postdienstes &#8211; die Verwendung der pers\u00f6nlichen Daten der Empf\u00e4nger liegen in der alleinigen Verantwortung der Nutzer. Die Gruppo Masserdotti Spa pr\u00fcft den Inhalt unter keinen Umst\u00e4nden, au\u00dfer im Hinblick auf die technischen Spezifikationen und die grafische Kompatibilit\u00e4t mit den angeforderten Spezifikationen.<br>Onframe srl kann in keiner Weise f\u00fcr die unbefugte Nutzung der Bilder durch die Nutzer und f\u00fcr jede Art von Verletzung der Rechte Dritter an den Bildern verantwortlich gemacht werden.<br>Der Nutzer entbindet Onframe srl daher von jeglicher Verantwortung gegen\u00fcber Dritten, die sich \u00fcber die Verletzung von Rechten des geistigen Eigentums, Verletzungen des Images, der Ehre, des Anstands, der moralischen Integrit\u00e4t oder \u00fcber jegliche Verm\u00f6genssch\u00e4den und Nichtverm\u00f6genssch\u00e4den infolge des Drucks der vom Nutzer selbst hochgeladenen Bilder und Inhalte sowie &#8211; im Falle des Postdienstes &#8211; infolge der Verwendung der pers\u00f6nlichen Daten und\/oder des Empfangs der Produkte durch die Empf\u00e4nger des Dienstes beschweren.<br>Onframe srl beh\u00e4lt sich in jedem Fall das Recht vor, jede Bestellung zu blockieren, die eine offensichtliche Verletzung der geistigen Eigentumsrechte Dritter beinhaltet oder deren Inhalt verleumderisch, gewaltt\u00e4tig oder anderweitig gegen die \u00f6ffentliche Ordnung und Moral verst\u00f6\u00dft.<\/p>\n<h2>5. Liefer- und Versandzeiten<\/h2>\n<p>Der Postdienst sieht nur die Zustellung innerhalb des italienischen Staatsgebiets vor; der Dienst kann daher nicht f\u00fcr Lieferungen ins Ausland genutzt werden.<br>Die Lieferung der Produkte erfolgt zu den vom Nutzer in der Angebotsphase ausgew\u00e4hlten Terminen; im Falle des Postversands beziehen sich die Lieferbedingungen an den Endempf\u00e4nger auf die Bedingungen des Postunternehmens, die dem Nutzer w\u00e4hrend des Bestellvorgangs angezeigt werden. Die Fristen sind rein indikativ, da sie von den Lieferdiensten Dritter abh\u00e4ngen und ab dem Abschluss der Bestellung, d.h. nach dem Hochladen der Datei und dem Erhalt der Best\u00e4tigung, berechnet werden. Die Liefertermine gelten f\u00fcr den gr\u00f6\u00dften Teil eines bestimmten nationalen Gebiets. Inseln und entlegenere Gebiete k\u00f6nnten in zwei oder mehr zus\u00e4tzlichen Arbeitstagen bedient werden.<br>Der Versand und die Lieferung erfolgen innerhalb der im Angebot gew\u00e4hlten Fristen unter der Bedingung, dass die Bestellung bis 18.00 Uhr desselben Tages abgeschlossen ist. Der Eingang von Dateien oder Zahlungsbest\u00e4tigungen nach 18:30\/10:00 Uhr gilt als am n\u00e4chsten Arbeitstag erfolgt.<br>Arbeitstage sind Montag bis Freitag mit Ausnahme des 1\/1, 6\/1, 25\/4, 1\/5, 2\/6, 15\/8, 1\/11, 8\/12, 24\/12, 25\/12, 26\/12, 31\/12, Ostermontag.<br>Onframe srl haftet unter keinen Umst\u00e4nden f\u00fcr eventuelle Sch\u00e4den, die durch Lieferverz\u00f6gerungen entstehen.<br>Die Sendungen werden per GLS-Kurier verschickt.<br>Der Versand dauert 10 Arbeitstage f\u00fcr nicht leuchtende Onframe-Produkte, 15 Arbeitstage f\u00fcr Onframe-Produkte mit leuchtenden LEDs.<br>Die Strukturen, die Sie auf on-frame.com bestellen, werden gem\u00e4\u00df den unten stehenden Anweisungen versandt:<br>&#8211; Versand per Expresskurier in Form eines Kits;<br>&#8211; Kartonverpackung. Das Produkt wird darinnen durch sto\u00dffestes Material gesch\u00fctzt; &#8211; eine Karte mit einer Montageanleitung wird in die Verpackung eingelegt; &#8211; ein Etikett wird auf der Verpackung angebracht, das den Inhalt der Verpackung angibt.<\/p>\n<h2>6. R\u00fccktrittsrecht<\/h2>\n<p>Widerrufsrecht Beim Kauf von Produkten oder Dienstleistungen als Verbraucher im Sinne des Verbraucherschutzgesetzes haben Sie das Recht, den Vertrag ohne Angabe von Gr\u00fcnden innerhalb von 14 Tagen zu widerrufen. Bei einem Kaufvertrag endet die Widerrufsfrist nach 14 Tagen ab dem Tag des Vertragsabschlusses: \u00abin dem Sie oder ein von Ihnen benannter Dritter, der nicht der Bef\u00f6rderer ist, die Ware physisch in Besitz nehmen\u00bb; im Falle der Wahl des Postdienstes beginnt die Widerrufsfrist mit dem Vertragsabschluss, der mit der von Onframe srl an den Nutzer gesendeten Auftragsbest\u00e4tigung per E-Mail erfolgt.<br>Um Ihr Widerrufsrecht auszu\u00fcben, m\u00fcssen Sie uns mittels einer eindeutigen Erkl\u00e4rung (z. B. ein mit der Post versandter Brief, Telefax oder E-Mail) \u00fcber Ihren Entschluss, diesen Vertrag zu widerrufen, informieren; Sie k\u00f6nnen daf\u00fcr das unter diesem Link abrufbare Muster verwenden oder eine eigene Widerrufserkl\u00e4rung mit \u00e4hnlichem Inhalt verfassen.<br>Die Mitteilung kann an folgende Adresse geschickt werden:<br>Onframe srl<br>Via Renolda 43<br>25030 Castel Mella BS<br>Italia<br>T. +39 0302 308 688<br>F. +39 0302 303 727<br>info@on-frame.com<br>Um die Widerrufsfrist einzuhalten, gen\u00fcgt es, wenn Sie die Mitteilung \u00fcber die Aus\u00fcbung des Widerrufsrechts vor Ablauf der Widerrufsfrist absenden.<br>Folgen des Widerrufs Wenn Sie diesen Vertrag widerrufen, haben Sie alle Zahlungen, die Sie an uns geleistet haben, einschlie\u00dflich der Lieferkosten (mit Ausnahme der zus\u00e4tzlichen Kosten, die sich daraus ergeben, dass Sie eine andere Art der Lieferung als die von uns angebotene, g\u00fcnstigste Standardlieferung gew\u00e4hlt haben), unverz\u00fcglich und sp\u00e4testens binnen vierzehn Tagen ab dem Tag zur\u00fcckzuzahlen, an dem die Mitteilung \u00fcber Ihren Widerruf dieses Vertrags bei uns eingegangen ist. F\u00fcr diese R\u00fcckerstattung verwenden wir dasselbe Zahlungsmittel, das Sie bei der urspr\u00fcnglichen Transaktion eingesetzt haben, es sei denn, mit Ihnen wurde ausdr\u00fccklich etwas anderes vereinbart; in keinem Fall werden Ihnen wegen dieser R\u00fcckzahlung Entgelte berechnet.<br>Sie haben die Waren unverz\u00fcglich und in jedem Fall sp\u00e4testens binnen 14 Tagen ab dem Tag, an dem Sie uns \u00fcber den Widerruf dieses Vertrags unterrichten, an uns zur\u00fcckzusenden oder zu \u00fcbergeben. Die Frist ist gewahrt, wenn Sie die Waren vor Ablauf der 14-Tage-Frist zur\u00fccksenden. Die Kosten f\u00fcr die R\u00fccksendung der Produkte gehen zu Lasten des Nutzers.<br>Gem\u00e4\u00df Art. 56, Komma III, d.lgs 06.09.2005, n. 206 (Verbraucherschutzgesetz) ist Onframe srl berechtigt, die R\u00fcckzahlung zu verweigern, bis sie die Produkte erhalten hat oder bis der Nutzer nachgewiesen hat, dass er die Produkte zur\u00fcckgeschickt hat, je nachdem, welcher Fall zuerst eintritt Ausnahmen vom Widerrufsrecht Das in den Artikeln 52 bis 58 des Verbraucherschutzgesetzes genannte Widerrufsrecht f\u00fcr Fernabsatzvertr\u00e4ge und au\u00dferhalb von Gesch\u00e4ftsr\u00e4umen geschlossene Vertr\u00e4ge ist ausgeschlossen in Bezug auf<br>Ausnahmen vom Widerrufsrecht<br>Das in den Artikeln 52 bis 58 des Verbraucherschutzgesetzes genannte Widerrufsrecht f\u00fcr Fernabsatzvertr\u00e4ge und au\u00dferhalb von Gesch\u00e4ftsr\u00e4umen geschlossene Vertr\u00e4ge ist ausgeschlossen in Bezug auf:<br>a) Dienstleistungsvertr\u00e4ge, nachdem die Dienstleistung vollst\u00e4ndig erbracht wurde, wenn die Erf\u00fcllung mit der ausdr\u00fccklichen Zustimmung des Verbrauchers begonnen hat und dieser den Verlust des Widerrufsrechts nach vollst\u00e4ndiger Erf\u00fcllung des Vertrags durch den Gewerbetreibenden akzeptiert hat;<br>b) die Lieferung von Waren oder die Erbringung von Dienstleistungen, deren Preis von Schwankungen auf dem Finanzmarkt abh\u00e4ngt, die der Gewerbetreibende nicht beeinflussen kann und die w\u00e4hrend der Widerrufsfrist auftreten k\u00f6nnen;<br>c) die Lieferung von Waren, die nach Ma\u00df angefertigt werden oder eindeutig auf die pers\u00f6nlichen Bed\u00fcrfnisse zugeschnitten sind;<br>d) die Lieferung von Waren, die schnell verderben oder verfallen k\u00f6nnen;<br>e) die Lieferung von versiegelten Waren, die aus Gr\u00fcnden der Hygiene oder des Gesundheitsschutzes nicht zur R\u00fcckgabe geeignet sind und nach der Lieferung ge\u00f6ffnet wurden;<br>f) die Lieferung von Waren, die aufgrund ihrer Beschaffenheit untrennbar mit anderen G\u00fctern vermischt sind;<br>g) die Lieferung von alkoholischen Getr\u00e4nken, deren Preis bei Abschluss des Kaufvertrags vereinbart wurde, deren Lieferung erst nach drei\u00dfig Tagen erfolgen kann und deren tats\u00e4chlicher Wert von Schwankungen auf dem Markt abh\u00e4ngt, die vom Gewerbetreibenden nicht kontrolliert werden k\u00f6nnen;<br>h) Vertr\u00e4ge, bei denen der Verbraucher ausdr\u00fccklich einen Besuch des Gewerbetreibenden zur Durchf\u00fchrung dringender Reparatur- oder Wartungsarbeiten verlangt hat. Erbringt der Gewerbetreibende anl\u00e4sslich eines solchen Besuchs Dienstleistungen, die \u00fcber die vom Verbraucher ausdr\u00fccklich verlangten hinausgehen, oder liefert er Waren, bei denen es sich nicht um Ersatzteile handelt, die zur Durchf\u00fchrung von Wartungs- oder Reparaturarbeiten erforderlich sind, so gilt das Widerrufsrecht f\u00fcr diese zus\u00e4tzlichen Dienstleistungen oder Waren;<br>i) die Lieferung von versiegelten Audio- oder Videoaufzeichnungen oder von versiegelter Computersoftware, die nach der Lieferung entsiegelt worden sind;<br>l) die Lieferung von Zeitungen, Zeitschriften und Illustrierten, mit Ausnahme von Abonnementvertr\u00e4gen \u00fcber die Lieferung solcher Ver\u00f6ffentlichungen;<br>m) Vertr\u00e4ge, die im Rahmen einer \u00f6ffentlichen Versteigerung geschlossen werden;<br>n) die Lieferung von Unterk\u00fcnften zu anderen als Wohnzwecken, die Bef\u00f6rderung von Waren, Autovermietungen, Verpflegungsdienstleistungen oder Dienstleistungen im Zusammenhang mit Freizeitaktivit\u00e4ten, wenn der Vertrag ein bestimmtes Datum oder eine bestimmte Frist f\u00fcr die Erf\u00fcllung vorsieht;<br>o) die Lieferung digitaler Inhalte auf einem nichtmateriellen Datentr\u00e4ger, wenn die Erf\u00fcllung mit vorheriger ausdr\u00fccklicher Zustimmung des Verbrauchers und seiner Kenntnisnahme davon begonnen hat, dass er dann sein Widerrufsrecht verlieren w\u00fcrde.<\/p>\n<h2>7. Haftungsausschlie\u00dfung &#8211; Produktfehler<\/h2>\n<p>Onframe srl haftet gegen\u00fcber dem Nutzer nicht f\u00fcr Sch\u00e4den jeglicher Art, weder direkt noch indirekt, die sich aus Fehlern jeglicher Art beim Druck der vom Kunden \u00fcbermittelten Datei ergeben, au\u00dfer im Falle von Vorsatz oder grober Fahrl\u00e4ssigkeit.<br>Im Fall von Druckfehlern, die nicht auf den Nutzer zur\u00fcckzuf\u00fchren sind, oder bei Lieferung eines fehlerhaften oder besch\u00e4digten Produkts ist Onframe srl nur zu einem Nachdruck des Materials verpflichtet.<br>Bei der Lieferung ist der Nutzer verpflichtet, die erhaltenen Produkte sorgf\u00e4ltig zu pr\u00fcfen. Etwaige M\u00e4ngel an der gelieferten Ware, Druck- oder Verpackungsfehler des Materials, die nicht auf den Nutzer zur\u00fcckzuf\u00fchren sind, m\u00fcssen unverz\u00fcglich dem Kurier oder dem Kundendienst gemeldet werden. Die Waren m\u00fcssen durch Unterschrift mit besonderem Kontrollvorbehalt abgeholt werden. Der Nutzer muss dann \u00fcber seinen pers\u00f6nlichen Bereich eine Meldung er\u00f6ffnen und dabei darauf achten, dass er innerhalb von 8 Tagen nach Erhalt des Materials gegebenenfalls eine fotografische Dokumentation beif\u00fcgt.<br>Onframe S.r.l. wird sein Bestes tun, um innerhalb von zwei Stunden auf die eingegangenen Meldungen zu reagieren.<\/p>\t\t\t\t\t<\/div>\n\t\t\t\t\t\t<\/div>\n\t\t\t\t<\/div>\n\t\t\t\t\t\t<\/div>\n\t\t\t\t\t<\/div>\n\t\t<\/div>\n\t\t\t\t\t\t\t\t<\/div>\n\t\t\t\t\t<\/div>\n\t\t<\/section>\n\t\t\t\t\t\t\t\t\t<\/div>\n\t\t\t<\/div>\n\t\t\t\t\t<\/div>\n\t\t","protected":false},"excerpt":{"rendered":"<p>Allgemeine Verkaufs- und Dienstleistungsbedingungen Der Kauf von Produkten oder Dienstleistungen auf on-frame.com (die \u201eWebsite\u201c) unterliegt [&hellip;]<\/p>\n","protected":false},"author":1,"featured_media":0,"parent":0,"menu_order":0,"comment_status":"closed","ping_status":"closed","template":"","meta":{"_acf_changed":false,"inline_featured_image":false,"footnotes":""},"class_list":["post-10943","page","type-page","status-publish","hentry"],"acf":[],"yoast_head":"<!-- This site is optimized with the Yoast SEO plugin v24.8.1 - https:\/\/yoast.com\/wordpress\/plugins\/seo\/ -->\n<title>Onframe - Allgemeine Verkaufs<\/title>\n<meta name=\"description\" content=\"Der Kauf von Produkten oder Dienstleistungen auf on-frame.com (die \u201eWebsite\u201c) unterliegt den folgenden Bedingungen (die \u201eBedingungen\u201c).\" \/>\n<meta name=\"robots\" content=\"index, follow, max-snippet:-1, max-image-preview:large, max-video-preview:-1\" \/>\n<link rel=\"canonical\" href=\"https:\/\/www.on-frame.com\/de\/page\/allgemeine-verkaufs-und-dienstleistungsbedingunnen\/\" \/>\n<meta property=\"og:locale\" content=\"de_DE\" \/>\n<meta property=\"og:type\" content=\"article\" \/>\n<meta property=\"og:title\" content=\"Onframe - Allgemeine Verkaufs\" \/>\n<meta property=\"og:description\" content=\"Der Kauf von Produkten oder Dienstleistungen auf on-frame.com (die \u201eWebsite\u201c) unterliegt den folgenden Bedingungen (die \u201eBedingungen\u201c).\" \/>\n<meta property=\"og:url\" content=\"https:\/\/www.on-frame.com\/de\/page\/allgemeine-verkaufs-und-dienstleistungsbedingunnen\/\" \/>\n<meta property=\"og:site_name\" content=\"Onframe\" \/>\n<meta property=\"article:modified_time\" content=\"2023-04-05T11:11:24+00:00\" \/>\n<meta name=\"twitter:card\" content=\"summary_large_image\" \/>\n<meta name=\"twitter:label1\" content=\"Gesch\u00e4tzte Lesezeit\" \/>\n\t<meta name=\"twitter:data1\" content=\"11\u00a0Minuten\" \/>\n<script type=\"application\/ld+json\" class=\"yoast-schema-graph\">{\"@context\":\"https:\/\/schema.org\",\"@graph\":[{\"@type\":\"WebPage\",\"@id\":\"https:\/\/www.on-frame.com\/de\/page\/allgemeine-verkaufs-und-dienstleistungsbedingunnen\/\",\"url\":\"https:\/\/www.on-frame.com\/de\/page\/allgemeine-verkaufs-und-dienstleistungsbedingunnen\/\",\"name\":\"Onframe - Allgemeine Verkaufs\",\"isPartOf\":{\"@id\":\"https:\/\/www.on-frame.com\/#website\"},\"datePublished\":\"2019-08-29T13:14:12+00:00\",\"dateModified\":\"2023-04-05T11:11:24+00:00\",\"description\":\"Der Kauf von Produkten oder Dienstleistungen auf on-frame.com (die \u201eWebsite\u201c) unterliegt den folgenden Bedingungen (die \u201eBedingungen\u201c).\",\"breadcrumb\":{\"@id\":\"https:\/\/www.on-frame.com\/de\/page\/allgemeine-verkaufs-und-dienstleistungsbedingunnen\/#breadcrumb\"},\"inLanguage\":\"de\",\"potentialAction\":[{\"@type\":\"ReadAction\",\"target\":[\"https:\/\/www.on-frame.com\/de\/page\/allgemeine-verkaufs-und-dienstleistungsbedingunnen\/\"]}]},{\"@type\":\"BreadcrumbList\",\"@id\":\"https:\/\/www.on-frame.com\/de\/page\/allgemeine-verkaufs-und-dienstleistungsbedingunnen\/#breadcrumb\",\"itemListElement\":[{\"@type\":\"ListItem\",\"position\":1,\"name\":\"Home\",\"item\":\"https:\/\/www.on-frame.com\/de\/\"},{\"@type\":\"ListItem\",\"position\":2,\"name\":\"Allgemeine Verkaufs\"}]},{\"@type\":\"WebSite\",\"@id\":\"https:\/\/www.on-frame.com\/#website\",\"url\":\"https:\/\/www.on-frame.com\/\",\"name\":\"Onframe\",\"description\":\"Frame e Lightbox, insegne modulari per ogni ambiente\",\"potentialAction\":[{\"@type\":\"SearchAction\",\"target\":{\"@type\":\"EntryPoint\",\"urlTemplate\":\"https:\/\/www.on-frame.com\/?s={search_term_string}\"},\"query-input\":{\"@type\":\"PropertyValueSpecification\",\"valueRequired\":true,\"valueName\":\"search_term_string\"}}],\"inLanguage\":\"de\"}]}<\/script>\n<!-- \/ Yoast SEO plugin. -->","yoast_head_json":{"title":"Onframe - Allgemeine Verkaufs","description":"Der Kauf von Produkten oder Dienstleistungen auf on-frame.com (die \u201eWebsite\u201c) unterliegt den folgenden Bedingungen (die \u201eBedingungen\u201c).","robots":{"index":"index","follow":"follow","max-snippet":"max-snippet:-1","max-image-preview":"max-image-preview:large","max-video-preview":"max-video-preview:-1"},"canonical":"https:\/\/www.on-frame.com\/de\/page\/allgemeine-verkaufs-und-dienstleistungsbedingunnen\/","og_locale":"de_DE","og_type":"article","og_title":"Onframe - Allgemeine Verkaufs","og_description":"Der Kauf von Produkten oder Dienstleistungen auf on-frame.com (die \u201eWebsite\u201c) unterliegt den folgenden Bedingungen (die \u201eBedingungen\u201c).","og_url":"https:\/\/www.on-frame.com\/de\/page\/allgemeine-verkaufs-und-dienstleistungsbedingunnen\/","og_site_name":"Onframe","article_modified_time":"2023-04-05T11:11:24+00:00","twitter_card":"summary_large_image","twitter_misc":{"Gesch\u00e4tzte Lesezeit":"11\u00a0Minuten"},"schema":{"@context":"https:\/\/schema.org","@graph":[{"@type":"WebPage","@id":"https:\/\/www.on-frame.com\/de\/page\/allgemeine-verkaufs-und-dienstleistungsbedingunnen\/","url":"https:\/\/www.on-frame.com\/de\/page\/allgemeine-verkaufs-und-dienstleistungsbedingunnen\/","name":"Onframe - Allgemeine Verkaufs","isPartOf":{"@id":"https:\/\/www.on-frame.com\/#website"},"datePublished":"2019-08-29T13:14:12+00:00","dateModified":"2023-04-05T11:11:24+00:00","description":"Der Kauf von Produkten oder Dienstleistungen auf on-frame.com (die \u201eWebsite\u201c) unterliegt den folgenden Bedingungen (die \u201eBedingungen\u201c).","breadcrumb":{"@id":"https:\/\/www.on-frame.com\/de\/page\/allgemeine-verkaufs-und-dienstleistungsbedingunnen\/#breadcrumb"},"inLanguage":"de","potentialAction":[{"@type":"ReadAction","target":["https:\/\/www.on-frame.com\/de\/page\/allgemeine-verkaufs-und-dienstleistungsbedingunnen\/"]}]},{"@type":"BreadcrumbList","@id":"https:\/\/www.on-frame.com\/de\/page\/allgemeine-verkaufs-und-dienstleistungsbedingunnen\/#breadcrumb","itemListElement":[{"@type":"ListItem","position":1,"name":"Home","item":"https:\/\/www.on-frame.com\/de\/"},{"@type":"ListItem","position":2,"name":"Allgemeine Verkaufs"}]},{"@type":"WebSite","@id":"https:\/\/www.on-frame.com\/#website","url":"https:\/\/www.on-frame.com\/","name":"Onframe","description":"Frame e Lightbox, insegne modulari per ogni ambiente","potentialAction":[{"@type":"SearchAction","target":{"@type":"EntryPoint","urlTemplate":"https:\/\/www.on-frame.com\/?s={search_term_string}"},"query-input":{"@type":"PropertyValueSpecification","valueRequired":true,"valueName":"search_term_string"}}],"inLanguage":"de"}]}},"_links":{"self":[{"href":"https:\/\/www.on-frame.com\/de\/wp-json\/wp\/v2\/pages\/10943"}],"collection":[{"href":"https:\/\/www.on-frame.com\/de\/wp-json\/wp\/v2\/pages"}],"about":[{"href":"https:\/\/www.on-frame.com\/de\/wp-json\/wp\/v2\/types\/page"}],"author":[{"embeddable":true,"href":"https:\/\/www.on-frame.com\/de\/wp-json\/wp\/v2\/users\/1"}],"replies":[{"embeddable":true,"href":"https:\/\/www.on-frame.com\/de\/wp-json\/wp\/v2\/comments?post=10943"}],"version-history":[{"count":5,"href":"https:\/\/www.on-frame.com\/de\/wp-json\/wp\/v2\/pages\/10943\/revisions"}],"predecessor-version":[{"id":11748,"href":"https:\/\/www.on-frame.com\/de\/wp-json\/wp\/v2\/pages\/10943\/revisions\/11748"}],"wp:attachment":[{"href":"https:\/\/www.on-frame.com\/de\/wp-json\/wp\/v2\/media?parent=10943"}],"curies":[{"name":"wp","href":"https:\/\/api.w.org\/{rel}","templated":true}]}}