{"id":10894,"date":"2020-12-17T16:26:40","date_gmt":"2020-12-17T15:26:40","guid":{"rendered":"https:\/\/www.on-frame.com\/page\/chi-siamo-2-3\/"},"modified":"2026-03-25T17:09:15","modified_gmt":"2026-03-25T16:09:15","slug":"uber-uns","status":"publish","type":"page","link":"https:\/\/www.on-frame.com\/de\/page\/uber-uns\/","title":{"rendered":"\u00dcber uns"},"content":{"rendered":"\t\t<div data-elementor-type=\"wp-page\" data-elementor-id=\"10894\" class=\"elementor elementor-10894 elementor-2561\">\n\t\t\t\t\t\t<div class=\"elementor-inner\">\n\t\t\t\t<div class=\"elementor-section-wrap\">\n\t\t\t\t\t\t\t\t\t<section class=\"elementor-section elementor-top-section elementor-element elementor-element-2e53c74 elementor-section-boxed elementor-section-height-default elementor-section-height-default\" data-id=\"2e53c74\" data-element_type=\"section\">\n\t\t\t\t\t\t<div class=\"elementor-container elementor-column-gap-default\">\n\t\t\t\t\t\t\t<div class=\"elementor-row\">\n\t\t\t\t\t<div class=\"elementor-column elementor-col-100 elementor-top-column elementor-element elementor-element-ef1b57f\" data-id=\"ef1b57f\" data-element_type=\"column\">\n\t\t\t<div class=\"elementor-column-wrap elementor-element-populated\">\n\t\t\t\t\t\t\t<div class=\"elementor-widget-wrap\">\n\t\t\t\t\t\t<div class=\"elementor-element elementor-element-206b4bc elementor-widget elementor-widget-text-editor\" data-id=\"206b4bc\" data-element_type=\"widget\" data-widget_type=\"text-editor.default\">\n\t\t\t\t<div class=\"elementor-widget-container\">\n\t\t\t\t\t\t\t\t<div class=\"elementor-text-editor elementor-clearfix\">\n\t\t\t\t<h1>\u00dcber uns<\/h1><p><strong><br \/><span style=\"color: #8ba9d2;\">DER RAHMEN MIT ELEGANTEM PROFIL<\/span><\/strong><strong style=\"color: #8ba9d2; font-family: var( --e-global-typography-text-font-family ), \\'Lato\\';\"><br \/>Ver\u00e4ndern Sie Ihre Umgebung, indem Sie sie respektieren<\/strong><strong><span style=\"color: #005663;\"><br \/><\/span><\/strong><\/p><p><span style=\"color: #005663;\"><strong><br \/><\/strong><\/span><b><\/b><\/p><p><br \/>Onframe ist das neue Portal, das dazu gewidmet ist, \u00a0die ma\u00dfgeschneiderten InStore-Einrichtungsl\u00f6sungen, die von der Gruppo Masserdotti entworfen sind, zu pr\u00e4sentieren. Onframe macht es einfach, jede Umgebung zu renovieren, indem neue R\u00e4ume mit individuell gestaltbaren Produkten geschaffen werden. Ein Projekt der noch nie dagesessen war, das zum ersten Mal in einem speziellen E-Commerce-Programm elegante Aluminiumprofilrahmen mit individuell gestaltbaren Stoffen anbietet. Eine gro\u00dfartige L\u00f6sung f\u00fcr die Dekoration Ihrer R\u00e4ume, die Sie in regelm\u00e4\u00dfigen Abst\u00e4nden erneuern k\u00f6nnen, ohne die Struktur neu kaufen zu m\u00fcssen, sondern indem Sie einfach die Drucke austauschen.<br \/>Die Rahmen, die als Boden- oder Wandversion erh\u00e4ltlich sind, sind in Form und Gr\u00f6\u00dfe konfigurierbar, ein- oder doppelseitig und k\u00f6nnen mit LED-Beleuchtung integriert werden, um einen noch exklusiveren Effekt zu erhalten. Hochwertige Produkte mit einer gr\u00fcnen Seele. Onframe setzt bei allen Verfahren nachhaltige Technologien ein, wie z. B. umweltfreundliche Sublimationsdrucksysteme und Tinten auf Wasserbasis, die frei von VOC (chemische L\u00f6sungsmittel in Tinten) sind, was die Atmungsaktivit\u00e4t des Gewebes f\u00f6rdert, das v\u00f6llig geruchsneutral ist und sich daher ideal f\u00fcr den Gebrauch in Innenr\u00e4umen eignet. Die bedruckten B\u00f6gen k\u00f6nnen auch vollst\u00e4ndig recycelt und wieder auf den Markt gebracht werden, um ein neues Leben und eine nachhaltigere Welt zu schaffen.<br \/><br \/><\/p>\t\t\t\t\t<\/div>\n\t\t\t\t\t\t<\/div>\n\t\t\t\t<\/div>\n\t\t\t\t\t\t<\/div>\n\t\t\t\t\t<\/div>\n\t\t<\/div>\n\t\t\t\t\t\t\t\t<\/div>\n\t\t\t\t\t<\/div>\n\t\t<\/section>\n\t\t\t\t<section class=\"elementor-section elementor-top-section elementor-element elementor-element-f3f06ba elementor-section-boxed elementor-section-height-default elementor-section-height-default\" data-id=\"f3f06ba\" data-element_type=\"section\" data-settings=\"{&quot;background_background&quot;:&quot;classic&quot;}\">\n\t\t\t\t\t\t<div class=\"elementor-container elementor-column-gap-default\">\n\t\t\t\t\t\t\t<div class=\"elementor-row\">\n\t\t\t\t\t<div class=\"elementor-column elementor-col-33 elementor-top-column elementor-element elementor-element-ac9eac5\" data-id=\"ac9eac5\" data-element_type=\"column\">\n\t\t\t<div class=\"elementor-column-wrap elementor-element-populated\">\n\t\t\t\t\t\t\t<div class=\"elementor-widget-wrap\">\n\t\t\t\t\t\t<div class=\"elementor-element elementor-element-2381564 elementor-widget elementor-widget-image\" data-id=\"2381564\" data-element_type=\"widget\" data-widget_type=\"image.default\">\n\t\t\t\t<div class=\"elementor-widget-container\">\n\t\t\t\t\t\t\t\t<div class=\"elementor-image\">\n\t\t\t\t\t\t\t\t\t\t\t\t<img loading=\"lazy\" decoding=\"async\" width=\"1000\" height=\"1000\" src=\"https:\/\/www.on-frame.com\/wp-content\/uploads\/2022\/05\/03163745\/img-portfolio-of-02.jpg\" class=\"attachment-large size-large wp-image-4912\" alt=\"\" srcset=\"https:\/\/www.on-frame.com\/wp-content\/uploads\/2022\/05\/03163745\/img-portfolio-of-02.jpg 1000w, https:\/\/www.on-frame.com\/wp-content\/uploads\/2022\/05\/03163745\/img-portfolio-of-02-300x300.jpg 300w, https:\/\/www.on-frame.com\/wp-content\/uploads\/2022\/05\/03163745\/img-portfolio-of-02-150x150.jpg 150w, https:\/\/www.on-frame.com\/wp-content\/uploads\/2022\/05\/03163745\/img-portfolio-of-02-768x768.jpg 768w\" sizes=\"(max-width: 1000px) 100vw, 1000px\" \/>\t\t\t\t\t\t\t\t\t\t\t\t\t\t<\/div>\n\t\t\t\t\t\t<\/div>\n\t\t\t\t<\/div>\n\t\t\t\t\t\t<\/div>\n\t\t\t\t\t<\/div>\n\t\t<\/div>\n\t\t\t\t<div class=\"elementor-column elementor-col-33 elementor-top-column elementor-element elementor-element-c764d8f\" data-id=\"c764d8f\" data-element_type=\"column\">\n\t\t\t<div class=\"elementor-column-wrap elementor-element-populated\">\n\t\t\t\t\t\t\t<div class=\"elementor-widget-wrap\">\n\t\t\t\t\t\t<div class=\"elementor-element elementor-element-ffe28f6 elementor-widget elementor-widget-image\" data-id=\"ffe28f6\" data-element_type=\"widget\" data-widget_type=\"image.default\">\n\t\t\t\t<div class=\"elementor-widget-container\">\n\t\t\t\t\t\t\t\t<div class=\"elementor-image\">\n\t\t\t\t\t\t\t\t\t\t\t\t<img loading=\"lazy\" decoding=\"async\" width=\"1000\" height=\"1000\" src=\"https:\/\/www.on-frame.com\/wp-content\/uploads\/2022\/05\/03163922\/img-portfolio-of-03.jpg\" class=\"attachment-large size-large wp-image-4914\" alt=\"\" srcset=\"https:\/\/www.on-frame.com\/wp-content\/uploads\/2022\/05\/03163922\/img-portfolio-of-03.jpg 1000w, https:\/\/www.on-frame.com\/wp-content\/uploads\/2022\/05\/03163922\/img-portfolio-of-03-300x300.jpg 300w, https:\/\/www.on-frame.com\/wp-content\/uploads\/2022\/05\/03163922\/img-portfolio-of-03-150x150.jpg 150w, https:\/\/www.on-frame.com\/wp-content\/uploads\/2022\/05\/03163922\/img-portfolio-of-03-768x768.jpg 768w\" sizes=\"(max-width: 1000px) 100vw, 1000px\" \/>\t\t\t\t\t\t\t\t\t\t\t\t\t\t<\/div>\n\t\t\t\t\t\t<\/div>\n\t\t\t\t<\/div>\n\t\t\t\t\t\t<\/div>\n\t\t\t\t\t<\/div>\n\t\t<\/div>\n\t\t\t\t<div class=\"elementor-column elementor-col-33 elementor-top-column elementor-element elementor-element-b345d1d\" data-id=\"b345d1d\" data-element_type=\"column\">\n\t\t\t<div class=\"elementor-column-wrap elementor-element-populated\">\n\t\t\t\t\t\t\t<div class=\"elementor-widget-wrap\">\n\t\t\t\t\t\t<div class=\"elementor-element elementor-element-9120884 elementor-widget elementor-widget-image\" data-id=\"9120884\" data-element_type=\"widget\" data-widget_type=\"image.default\">\n\t\t\t\t<div class=\"elementor-widget-container\">\n\t\t\t\t\t\t\t\t<div class=\"elementor-image\">\n\t\t\t\t\t\t\t\t\t\t\t\t<img loading=\"lazy\" decoding=\"async\" width=\"1000\" height=\"1000\" src=\"https:\/\/www.on-frame.com\/wp-content\/uploads\/2022\/05\/12170501\/img-portfolio-of-14.jpg\" class=\"attachment-large size-large wp-image-4955\" alt=\"\" srcset=\"https:\/\/www.on-frame.com\/wp-content\/uploads\/2022\/05\/12170501\/img-portfolio-of-14.jpg 1000w, https:\/\/www.on-frame.com\/wp-content\/uploads\/2022\/05\/12170501\/img-portfolio-of-14-300x300.jpg 300w, https:\/\/www.on-frame.com\/wp-content\/uploads\/2022\/05\/12170501\/img-portfolio-of-14-150x150.jpg 150w, https:\/\/www.on-frame.com\/wp-content\/uploads\/2022\/05\/12170501\/img-portfolio-of-14-768x768.jpg 768w\" sizes=\"(max-width: 1000px) 100vw, 1000px\" \/>\t\t\t\t\t\t\t\t\t\t\t\t\t\t<\/div>\n\t\t\t\t\t\t<\/div>\n\t\t\t\t<\/div>\n\t\t\t\t\t\t<\/div>\n\t\t\t\t\t<\/div>\n\t\t<\/div>\n\t\t\t\t\t\t\t\t<\/div>\n\t\t\t\t\t<\/div>\n\t\t<\/section>\n\t\t\t\t<section class=\"elementor-section elementor-top-section elementor-element elementor-element-14de364 elementor-section-boxed elementor-section-height-default elementor-section-height-default\" data-id=\"14de364\" data-element_type=\"section\" data-settings=\"{&quot;background_background&quot;:&quot;classic&quot;}\">\n\t\t\t\t\t\t<div class=\"elementor-container elementor-column-gap-default\">\n\t\t\t\t\t\t\t<div class=\"elementor-row\">\n\t\t\t\t\t<div class=\"elementor-column elementor-col-100 elementor-top-column elementor-element elementor-element-d14be76\" data-id=\"d14be76\" data-element_type=\"column\">\n\t\t\t<div class=\"elementor-column-wrap elementor-element-populated\">\n\t\t\t\t\t\t\t<div class=\"elementor-widget-wrap\">\n\t\t\t\t\t\t<section class=\"elementor-section elementor-inner-section elementor-element elementor-element-c46020e elementor-section-boxed elementor-section-height-default elementor-section-height-default\" data-id=\"c46020e\" data-element_type=\"section\">\n\t\t\t\t\t\t<div class=\"elementor-container elementor-column-gap-default\">\n\t\t\t\t\t\t\t<div class=\"elementor-row\">\n\t\t\t\t\t<div class=\"elementor-column elementor-col-50 elementor-inner-column elementor-element elementor-element-51725924\" data-id=\"51725924\" data-element_type=\"column\">\n\t\t\t<div class=\"elementor-column-wrap elementor-element-populated\">\n\t\t\t\t\t\t\t<div class=\"elementor-widget-wrap\">\n\t\t\t\t\t\t<div class=\"elementor-element elementor-element-66180611 elementor-widget elementor-widget-text-editor\" data-id=\"66180611\" data-element_type=\"widget\" data-widget_type=\"text-editor.default\">\n\t\t\t\t<div class=\"elementor-widget-container\">\n\t\t\t\t\t\t\t\t<div class=\"elementor-text-editor elementor-clearfix\">\n\t\t\t\tErfahren Sie mehr \u00fcber die Qualit\u00e4t unserer Produkte\nDanke an die Foto- und Videogalerie!\t\t\t\t\t<\/div>\n\t\t\t\t\t\t<\/div>\n\t\t\t\t<\/div>\n\t\t\t\t\t\t<\/div>\n\t\t\t\t\t<\/div>\n\t\t<\/div>\n\t\t\t\t<div class=\"elementor-column elementor-col-50 elementor-inner-column elementor-element elementor-element-5cd02ce2\" data-id=\"5cd02ce2\" data-element_type=\"column\">\n\t\t\t<div class=\"elementor-column-wrap elementor-element-populated\">\n\t\t\t\t\t\t\t<div class=\"elementor-widget-wrap\">\n\t\t\t\t\t\t<div class=\"elementor-element elementor-element-388c6a2c elementor-align-center elementor-widget elementor-widget-button\" data-id=\"388c6a2c\" data-element_type=\"widget\" data-widget_type=\"button.default\">\n\t\t\t\t<div class=\"elementor-widget-container\">\n\t\t\t\t\t<div class=\"elementor-button-wrapper\">\n\t\t\t<a href=\"https:\/\/www.on-frame.com\/de\/page\/galerie\/\" class=\"elementor-button-link elementor-button elementor-size-sm\" role=\"button\">\n\t\t\t\t\t\t<span class=\"elementor-button-content-wrapper\">\n\t\t\t\t\t\t<span class=\"elementor-button-text\">FOTOGRAFISCHES PORTFOLIO<\/span>\n\t\t<\/span>\n\t\t\t\t\t<\/a>\n\t\t<\/div>\n\t\t\t\t<\/div>\n\t\t\t\t<\/div>\n\t\t\t\t<div class=\"elementor-element elementor-element-a78fb10 elementor-align-center elementor-widget elementor-widget-button\" data-id=\"a78fb10\" data-element_type=\"widget\" data-widget_type=\"button.default\">\n\t\t\t\t<div class=\"elementor-widget-container\">\n\t\t\t\t\t<div class=\"elementor-button-wrapper\">\n\t\t\t<a href=\"https:\/\/www.on-frame.com\/de\/page\/video-onframe\/\" class=\"elementor-button-link elementor-button elementor-size-sm\" role=\"button\">\n\t\t\t\t\t\t<span class=\"elementor-button-content-wrapper\">\n\t\t\t\t\t\t<span class=\"elementor-button-text\">VIDEO<\/span>\n\t\t<\/span>\n\t\t\t\t\t<\/a>\n\t\t<\/div>\n\t\t\t\t<\/div>\n\t\t\t\t<\/div>\n\t\t\t\t\t\t<\/div>\n\t\t\t\t\t<\/div>\n\t\t<\/div>\n\t\t\t\t\t\t\t\t<\/div>\n\t\t\t\t\t<\/div>\n\t\t<\/section>\n\t\t\t\t\t\t<\/div>\n\t\t\t\t\t<\/div>\n\t\t<\/div>\n\t\t\t\t\t\t\t\t<\/div>\n\t\t\t\t\t<\/div>\n\t\t<\/section>\n\t\t\t\t<section class=\"elementor-section elementor-top-section elementor-element elementor-element-76f1fa65 elementor-section-boxed elementor-section-height-default elementor-section-height-default\" data-id=\"76f1fa65\" data-element_type=\"section\" data-settings=\"{&quot;background_background&quot;:&quot;classic&quot;}\">\n\t\t\t\t\t\t<div class=\"elementor-container elementor-column-gap-default\">\n\t\t\t\t\t\t\t<div class=\"elementor-row\">\n\t\t\t\t\t<div class=\"elementor-column elementor-col-100 elementor-top-column elementor-element elementor-element-4cebb82f\" data-id=\"4cebb82f\" data-element_type=\"column\">\n\t\t\t<div class=\"elementor-column-wrap elementor-element-populated\">\n\t\t\t\t\t\t\t<div class=\"elementor-widget-wrap\">\n\t\t\t\t\t\t<div class=\"elementor-element elementor-element-78f3060e elementor-widget elementor-widget-text-editor\" data-id=\"78f3060e\" data-element_type=\"widget\" data-widget_type=\"text-editor.default\">\n\t\t\t\t<div class=\"elementor-widget-container\">\n\t\t\t\t\t\t\t\t<div class=\"elementor-text-editor elementor-clearfix\">\n\t\t\t\t<p>Entdecken Sie FRAME\/LIGHTBOX mit ihrem eleganten Profil und WERDEN SIE JETZT UNSER H\u00c4NDLER*!<br>Jetzt auf SONDERPREISE zugreifen!<\/p>\t\t\t\t\t<\/div>\n\t\t\t\t\t\t<\/div>\n\t\t\t\t<\/div>\n\t\t\t\t<div class=\"elementor-element elementor-element-1115080c elementor-widget elementor-widget-text-editor\" data-id=\"1115080c\" data-element_type=\"widget\" data-widget_type=\"text-editor.default\">\n\t\t\t\t<div class=\"elementor-widget-container\">\n\t\t\t\t\t\t\t\t<div class=\"elementor-text-editor elementor-clearfix\">\n\t\t\t\t*Die Anmeldung ist kostenlos und mit keinerlei Verpflichtungen verbunden.\t\t\t\t\t<\/div>\n\t\t\t\t\t\t<\/div>\n\t\t\t\t<\/div>\n\t\t\t\t<section class=\"elementor-section elementor-inner-section elementor-element elementor-element-44da060d elementor-section-boxed elementor-section-height-default elementor-section-height-default\" data-id=\"44da060d\" data-element_type=\"section\">\n\t\t\t\t\t\t<div class=\"elementor-container elementor-column-gap-default\">\n\t\t\t\t\t\t\t<div class=\"elementor-row\">\n\t\t\t\t\t<div class=\"elementor-column elementor-col-50 elementor-inner-column elementor-element elementor-element-430e978c\" data-id=\"430e978c\" data-element_type=\"column\">\n\t\t\t<div class=\"elementor-column-wrap elementor-element-populated\">\n\t\t\t\t\t\t\t<div class=\"elementor-widget-wrap\">\n\t\t\t\t\t\t<div class=\"elementor-element elementor-element-7231500e elementor-align-center elementor-widget elementor-widget-button\" data-id=\"7231500e\" data-element_type=\"widget\" data-widget_type=\"button.default\">\n\t\t\t\t<div class=\"elementor-widget-container\">\n\t\t\t\t\t<div class=\"elementor-button-wrapper\">\n\t\t\t<a href=\"https:\/\/www.on-frame.com\/de\/user\/login\" class=\"elementor-button-link elementor-button elementor-size-sm\" role=\"button\">\n\t\t\t\t\t\t<span class=\"elementor-button-content-wrapper\">\n\t\t\t\t\t\t<span class=\"elementor-button-text\">REGISTRIERUNG ALS VERK\u00c4UFER<\/span>\n\t\t<\/span>\n\t\t\t\t\t<\/a>\n\t\t<\/div>\n\t\t\t\t<\/div>\n\t\t\t\t<\/div>\n\t\t\t\t\t\t<\/div>\n\t\t\t\t\t<\/div>\n\t\t<\/div>\n\t\t\t\t<div class=\"elementor-column elementor-col-50 elementor-inner-column elementor-element elementor-element-67071d02\" data-id=\"67071d02\" data-element_type=\"column\">\n\t\t\t<div class=\"elementor-column-wrap elementor-element-populated\">\n\t\t\t\t\t\t\t<div class=\"elementor-widget-wrap\">\n\t\t\t\t\t\t<div class=\"elementor-element elementor-element-7284e5fc elementor-align-center elementor-widget elementor-widget-button\" data-id=\"7284e5fc\" data-element_type=\"widget\" data-widget_type=\"button.default\">\n\t\t\t\t<div class=\"elementor-widget-container\">\n\t\t\t\t\t<div class=\"elementor-button-wrapper\">\n\t\t\t<a href=\"https:\/\/www.on-frame.com\/de\/page\/kontakt\" class=\"elementor-button-link elementor-button elementor-size-sm\" role=\"button\">\n\t\t\t\t\t\t<span class=\"elementor-button-content-wrapper\">\n\t\t\t\t\t\t<span class=\"elementor-button-text\">KONTAKTIEREN SIE UNS F\u00dcR WEITERE INFORMATIONEN<\/span>\n\t\t<\/span>\n\t\t\t\t\t<\/a>\n\t\t<\/div>\n\t\t\t\t<\/div>\n\t\t\t\t<\/div>\n\t\t\t\t\t\t<\/div>\n\t\t\t\t\t<\/div>\n\t\t<\/div>\n\t\t\t\t\t\t\t\t<\/div>\n\t\t\t\t\t<\/div>\n\t\t<\/section>\n\t\t\t\t\t\t<\/div>\n\t\t\t\t\t<\/div>\n\t\t<\/div>\n\t\t\t\t\t\t\t\t<\/div>\n\t\t\t\t\t<\/div>\n\t\t<\/section>\n\t\t\t\t\t\t\t\t\t<\/div>\n\t\t\t<\/div>\n\t\t\t\t\t<\/div>\n\t\t","protected":false},"excerpt":{"rendered":"<p>\u00dcber uns DER RAHMEN MIT ELEGANTEM PROFILVer\u00e4ndern Sie Ihre Umgebung, indem Sie sie respektieren Onframe [&hellip;]<\/p>\n","protected":false},"author":5,"featured_media":0,"parent":0,"menu_order":0,"comment_status":"closed","ping_status":"closed","template":"","meta":{"_acf_changed":false,"inline_featured_image":false,"footnotes":""},"class_list":["post-10894","page","type-page","status-publish","hentry"],"acf":[],"yoast_head":"<!-- This site is optimized with the Yoast SEO plugin v24.8.1 - https:\/\/yoast.com\/wordpress\/plugins\/seo\/ -->\n<title>Onframe - \u00dcber uns<\/title>\n<meta name=\"description\" content=\"Onframe ist das neue Portal, das gewidmet ist, um dievon der Gruppo Masserdotti entworfenen ma\u00dfgeschneiderten InStore-Einrichtungsl\u00f6sungenzu pr\u00e4sentieren.\" \/>\n<meta name=\"robots\" content=\"index, follow, max-snippet:-1, max-image-preview:large, max-video-preview:-1\" \/>\n<link rel=\"canonical\" href=\"https:\/\/www.on-frame.com\/de\/page\/uber-uns\/\" \/>\n<meta property=\"og:locale\" content=\"de_DE\" \/>\n<meta property=\"og:type\" content=\"article\" \/>\n<meta property=\"og:title\" content=\"Onframe - \u00dcber uns\" \/>\n<meta property=\"og:description\" content=\"Onframe ist das neue Portal, das gewidmet ist, um dievon der Gruppo Masserdotti entworfenen ma\u00dfgeschneiderten InStore-Einrichtungsl\u00f6sungenzu pr\u00e4sentieren.\" \/>\n<meta property=\"og:url\" content=\"https:\/\/www.on-frame.com\/de\/page\/uber-uns\/\" \/>\n<meta property=\"og:site_name\" content=\"Onframe\" \/>\n<meta property=\"article:modified_time\" content=\"2026-03-25T16:09:15+00:00\" \/>\n<meta property=\"og:image\" content=\"https:\/\/www.on-frame.com\/wp-content\/uploads\/2022\/05\/03163745\/img-portfolio-of-02.jpg\" \/>\n\t<meta property=\"og:image:width\" content=\"1000\" \/>\n\t<meta property=\"og:image:height\" content=\"1000\" \/>\n\t<meta property=\"og:image:type\" content=\"image\/jpeg\" \/>\n<meta name=\"twitter:card\" content=\"summary_large_image\" \/>\n<meta name=\"twitter:label1\" content=\"Gesch\u00e4tzte Lesezeit\" \/>\n\t<meta name=\"twitter:data1\" content=\"2\u00a0Minuten\" \/>\n<script type=\"application\/ld+json\" class=\"yoast-schema-graph\">{\"@context\":\"https:\/\/schema.org\",\"@graph\":[{\"@type\":\"WebPage\",\"@id\":\"https:\/\/www.on-frame.com\/de\/page\/uber-uns\/\",\"url\":\"https:\/\/www.on-frame.com\/de\/page\/uber-uns\/\",\"name\":\"Onframe - \u00dcber uns\",\"isPartOf\":{\"@id\":\"https:\/\/www.on-frame.com\/#website\"},\"primaryImageOfPage\":{\"@id\":\"https:\/\/www.on-frame.com\/de\/page\/uber-uns\/#primaryimage\"},\"image\":{\"@id\":\"https:\/\/www.on-frame.com\/de\/page\/uber-uns\/#primaryimage\"},\"thumbnailUrl\":\"https:\/\/www.on-frame.com\/wp-content\/uploads\/2022\/05\/03163745\/img-portfolio-of-02.jpg\",\"datePublished\":\"2020-12-17T15:26:40+00:00\",\"dateModified\":\"2026-03-25T16:09:15+00:00\",\"description\":\"Onframe ist das neue Portal, das gewidmet ist, um dievon der Gruppo Masserdotti entworfenen ma\u00dfgeschneiderten InStore-Einrichtungsl\u00f6sungenzu pr\u00e4sentieren.\",\"breadcrumb\":{\"@id\":\"https:\/\/www.on-frame.com\/de\/page\/uber-uns\/#breadcrumb\"},\"inLanguage\":\"de\",\"potentialAction\":[{\"@type\":\"ReadAction\",\"target\":[\"https:\/\/www.on-frame.com\/de\/page\/uber-uns\/\"]}]},{\"@type\":\"ImageObject\",\"inLanguage\":\"de\",\"@id\":\"https:\/\/www.on-frame.com\/de\/page\/uber-uns\/#primaryimage\",\"url\":\"https:\/\/www.on-frame.com\/wp-content\/uploads\/2022\/05\/03163745\/img-portfolio-of-02.jpg\",\"contentUrl\":\"https:\/\/www.on-frame.com\/wp-content\/uploads\/2022\/05\/03163745\/img-portfolio-of-02.jpg\"},{\"@type\":\"BreadcrumbList\",\"@id\":\"https:\/\/www.on-frame.com\/de\/page\/uber-uns\/#breadcrumb\",\"itemListElement\":[{\"@type\":\"ListItem\",\"position\":1,\"name\":\"Home\",\"item\":\"https:\/\/www.on-frame.com\/de\/\"},{\"@type\":\"ListItem\",\"position\":2,\"name\":\"\u00dcber uns\"}]},{\"@type\":\"WebSite\",\"@id\":\"https:\/\/www.on-frame.com\/#website\",\"url\":\"https:\/\/www.on-frame.com\/\",\"name\":\"Onframe\",\"description\":\"Frame e Lightbox, insegne modulari per ogni ambiente\",\"potentialAction\":[{\"@type\":\"SearchAction\",\"target\":{\"@type\":\"EntryPoint\",\"urlTemplate\":\"https:\/\/www.on-frame.com\/?s={search_term_string}\"},\"query-input\":{\"@type\":\"PropertyValueSpecification\",\"valueRequired\":true,\"valueName\":\"search_term_string\"}}],\"inLanguage\":\"de\"}]}<\/script>\n<!-- \/ Yoast SEO plugin. -->","yoast_head_json":{"title":"Onframe - \u00dcber uns","description":"Onframe ist das neue Portal, das gewidmet ist, um dievon der Gruppo Masserdotti entworfenen ma\u00dfgeschneiderten InStore-Einrichtungsl\u00f6sungenzu pr\u00e4sentieren.","robots":{"index":"index","follow":"follow","max-snippet":"max-snippet:-1","max-image-preview":"max-image-preview:large","max-video-preview":"max-video-preview:-1"},"canonical":"https:\/\/www.on-frame.com\/de\/page\/uber-uns\/","og_locale":"de_DE","og_type":"article","og_title":"Onframe - \u00dcber uns","og_description":"Onframe ist das neue Portal, das gewidmet ist, um dievon der Gruppo Masserdotti entworfenen ma\u00dfgeschneiderten InStore-Einrichtungsl\u00f6sungenzu pr\u00e4sentieren.","og_url":"https:\/\/www.on-frame.com\/de\/page\/uber-uns\/","og_site_name":"Onframe","article_modified_time":"2026-03-25T16:09:15+00:00","og_image":[{"width":1000,"height":1000,"url":"https:\/\/www.on-frame.com\/wp-content\/uploads\/2022\/05\/03163745\/img-portfolio-of-02.jpg","type":"image\/jpeg"}],"twitter_card":"summary_large_image","twitter_misc":{"Gesch\u00e4tzte Lesezeit":"2\u00a0Minuten"},"schema":{"@context":"https:\/\/schema.org","@graph":[{"@type":"WebPage","@id":"https:\/\/www.on-frame.com\/de\/page\/uber-uns\/","url":"https:\/\/www.on-frame.com\/de\/page\/uber-uns\/","name":"Onframe - \u00dcber uns","isPartOf":{"@id":"https:\/\/www.on-frame.com\/#website"},"primaryImageOfPage":{"@id":"https:\/\/www.on-frame.com\/de\/page\/uber-uns\/#primaryimage"},"image":{"@id":"https:\/\/www.on-frame.com\/de\/page\/uber-uns\/#primaryimage"},"thumbnailUrl":"https:\/\/www.on-frame.com\/wp-content\/uploads\/2022\/05\/03163745\/img-portfolio-of-02.jpg","datePublished":"2020-12-17T15:26:40+00:00","dateModified":"2026-03-25T16:09:15+00:00","description":"Onframe ist das neue Portal, das gewidmet ist, um dievon der Gruppo Masserdotti entworfenen ma\u00dfgeschneiderten InStore-Einrichtungsl\u00f6sungenzu pr\u00e4sentieren.","breadcrumb":{"@id":"https:\/\/www.on-frame.com\/de\/page\/uber-uns\/#breadcrumb"},"inLanguage":"de","potentialAction":[{"@type":"ReadAction","target":["https:\/\/www.on-frame.com\/de\/page\/uber-uns\/"]}]},{"@type":"ImageObject","inLanguage":"de","@id":"https:\/\/www.on-frame.com\/de\/page\/uber-uns\/#primaryimage","url":"https:\/\/www.on-frame.com\/wp-content\/uploads\/2022\/05\/03163745\/img-portfolio-of-02.jpg","contentUrl":"https:\/\/www.on-frame.com\/wp-content\/uploads\/2022\/05\/03163745\/img-portfolio-of-02.jpg"},{"@type":"BreadcrumbList","@id":"https:\/\/www.on-frame.com\/de\/page\/uber-uns\/#breadcrumb","itemListElement":[{"@type":"ListItem","position":1,"name":"Home","item":"https:\/\/www.on-frame.com\/de\/"},{"@type":"ListItem","position":2,"name":"\u00dcber uns"}]},{"@type":"WebSite","@id":"https:\/\/www.on-frame.com\/#website","url":"https:\/\/www.on-frame.com\/","name":"Onframe","description":"Frame e Lightbox, insegne modulari per ogni ambiente","potentialAction":[{"@type":"SearchAction","target":{"@type":"EntryPoint","urlTemplate":"https:\/\/www.on-frame.com\/?s={search_term_string}"},"query-input":{"@type":"PropertyValueSpecification","valueRequired":true,"valueName":"search_term_string"}}],"inLanguage":"de"}]}},"_links":{"self":[{"href":"https:\/\/www.on-frame.com\/de\/wp-json\/wp\/v2\/pages\/10894"}],"collection":[{"href":"https:\/\/www.on-frame.com\/de\/wp-json\/wp\/v2\/pages"}],"about":[{"href":"https:\/\/www.on-frame.com\/de\/wp-json\/wp\/v2\/types\/page"}],"author":[{"embeddable":true,"href":"https:\/\/www.on-frame.com\/de\/wp-json\/wp\/v2\/users\/5"}],"replies":[{"embeddable":true,"href":"https:\/\/www.on-frame.com\/de\/wp-json\/wp\/v2\/comments?post=10894"}],"version-history":[{"count":6,"href":"https:\/\/www.on-frame.com\/de\/wp-json\/wp\/v2\/pages\/10894\/revisions"}],"predecessor-version":[{"id":15430,"href":"https:\/\/www.on-frame.com\/de\/wp-json\/wp\/v2\/pages\/10894\/revisions\/15430"}],"wp:attachment":[{"href":"https:\/\/www.on-frame.com\/de\/wp-json\/wp\/v2\/media?parent=10894"}],"curies":[{"name":"wp","href":"https:\/\/api.w.org\/{rel}","templated":true}]}}