{"id":10715,"date":"2022-11-30T12:01:19","date_gmt":"2022-11-30T11:01:19","guid":{"rendered":"https:\/\/www.on-frame.com\/page\/domande-frequenti-onframe\/"},"modified":"2026-03-25T17:15:29","modified_gmt":"2026-03-25T16:15:29","slug":"haugen-gestellte-fragen-onframe","status":"publish","type":"page","link":"https:\/\/www.on-frame.com\/de\/page\/haugen-gestellte-fragen-onframe\/","title":{"rendered":"H\u00e4ufige Fragen"},"content":{"rendered":"\t\t<div data-elementor-type=\"wp-page\" data-elementor-id=\"10715\" class=\"elementor elementor-10715 elementor-10710\">\n\t\t\t\t\t\t<div class=\"elementor-inner\">\n\t\t\t\t<div class=\"elementor-section-wrap\">\n\t\t\t\t\t\t\t\t\t<section class=\"elementor-section elementor-top-section elementor-element elementor-element-7fb009fd elementor-section-boxed elementor-section-height-default elementor-section-height-default\" data-id=\"7fb009fd\" data-element_type=\"section\" data-settings=\"{&quot;background_background&quot;:&quot;classic&quot;}\">\n\t\t\t\t\t\t<div class=\"elementor-container elementor-column-gap-default\">\n\t\t\t\t\t\t\t<div class=\"elementor-row\">\n\t\t\t\t\t<div class=\"elementor-column elementor-col-100 elementor-top-column elementor-element elementor-element-7389ced0\" data-id=\"7389ced0\" data-element_type=\"column\" data-settings=\"{&quot;background_background&quot;:&quot;classic&quot;}\">\n\t\t\t<div class=\"elementor-column-wrap elementor-element-populated\">\n\t\t\t\t\t\t\t<div class=\"elementor-widget-wrap\">\n\t\t\t\t\t\t<div class=\"elementor-element elementor-element-1476fb42 elementor-widget elementor-widget-text-editor\" data-id=\"1476fb42\" data-element_type=\"widget\" data-widget_type=\"text-editor.default\">\n\t\t\t\t<div class=\"elementor-widget-container\">\n\t\t\t\t\t\t\t\t<div class=\"elementor-text-editor elementor-clearfix\">\n\t\t\t\t<p class=\"p1\" style=\"text-align: center;\">Kontaktieren Sie uns f\u00fcr weitere Informationen\u00a0 &gt;\u00a0\u00a0<strong>info@on-frame.com<\/strong><\/p>\t\t\t\t\t<\/div>\n\t\t\t\t\t\t<\/div>\n\t\t\t\t<\/div>\n\t\t\t\t\t\t<\/div>\n\t\t\t\t\t<\/div>\n\t\t<\/div>\n\t\t\t\t\t\t\t\t<\/div>\n\t\t\t\t\t<\/div>\n\t\t<\/section>\n\t\t\t\t<section class=\"elementor-section elementor-top-section elementor-element elementor-element-381773e5 elementor-section-full_width elementor-section-height-default elementor-section-height-default\" data-id=\"381773e5\" data-element_type=\"section\" data-settings=\"{&quot;background_background&quot;:&quot;classic&quot;}\">\n\t\t\t\t\t\t<div class=\"elementor-container elementor-column-gap-default\">\n\t\t\t\t\t\t\t<div class=\"elementor-row\">\n\t\t\t\t\t<div class=\"elementor-column elementor-col-100 elementor-top-column elementor-element elementor-element-4389546c\" data-id=\"4389546c\" data-element_type=\"column\">\n\t\t\t<div class=\"elementor-column-wrap elementor-element-populated\">\n\t\t\t\t\t\t\t<div class=\"elementor-widget-wrap\">\n\t\t\t\t\t\t<section class=\"elementor-section elementor-inner-section elementor-element elementor-element-43cb3203 elementor-section-boxed elementor-section-height-default elementor-section-height-default\" data-id=\"43cb3203\" data-element_type=\"section\">\n\t\t\t\t\t\t<div class=\"elementor-container elementor-column-gap-default\">\n\t\t\t\t\t\t\t<div class=\"elementor-row\">\n\t\t\t\t\t<div class=\"elementor-column elementor-col-100 elementor-inner-column elementor-element elementor-element-50bfd55b\" data-id=\"50bfd55b\" data-element_type=\"column\">\n\t\t\t<div class=\"elementor-column-wrap elementor-element-populated\">\n\t\t\t\t\t\t\t<div class=\"elementor-widget-wrap\">\n\t\t\t\t\t\t<div class=\"elementor-element elementor-element-687778ce elementor-widget elementor-widget-text-editor\" data-id=\"687778ce\" data-element_type=\"widget\" data-widget_type=\"text-editor.default\">\n\t\t\t\t<div class=\"elementor-widget-container\">\n\t\t\t\t\t\t\t\t<div class=\"elementor-text-editor elementor-clearfix\">\n\t\t\t\t<p>H\u00e4ufige Fragen<\/p>\t\t\t\t\t<\/div>\n\t\t\t\t\t\t<\/div>\n\t\t\t\t<\/div>\n\t\t\t\t\t\t<\/div>\n\t\t\t\t\t<\/div>\n\t\t<\/div>\n\t\t\t\t\t\t\t\t<\/div>\n\t\t\t\t\t<\/div>\n\t\t<\/section>\n\t\t\t\t\t\t<\/div>\n\t\t\t\t\t<\/div>\n\t\t<\/div>\n\t\t\t\t\t\t\t\t<\/div>\n\t\t\t\t\t<\/div>\n\t\t<\/section>\n\t\t\t\t<section class=\"elementor-section elementor-top-section elementor-element elementor-element-5e32791 elementor-section-boxed elementor-section-height-default elementor-section-height-default\" data-id=\"5e32791\" data-element_type=\"section\">\n\t\t\t\t\t\t<div class=\"elementor-container elementor-column-gap-default\">\n\t\t\t\t\t\t\t<div class=\"elementor-row\">\n\t\t\t\t\t<div class=\"elementor-column elementor-col-100 elementor-top-column elementor-element elementor-element-78bee59\" data-id=\"78bee59\" data-element_type=\"column\">\n\t\t\t<div class=\"elementor-column-wrap elementor-element-populated\">\n\t\t\t\t\t\t\t<div class=\"elementor-widget-wrap\">\n\t\t\t\t\t\t<div class=\"elementor-element elementor-element-dd31964 elementor-widget elementor-widget-text-editor\" data-id=\"dd31964\" data-element_type=\"widget\" data-widget_type=\"text-editor.default\">\n\t\t\t\t<div class=\"elementor-widget-container\">\n\t\t\t\t\t\t\t\t<div class=\"elementor-text-editor elementor-clearfix\">\n\t\t\t\t<p><b>Ich habe bereits eine Struktur, kann ich einfach den Stoff kaufen?<\/b><br \/>Die Stoffe k\u00f6nnen in der Rubrik \u201eNur bedruckter Stoff\u201c erworben werden.<br \/>Wenn die Struktur nicht von Onframe ist, kontaktieren Sie uns bitte vor dem Kauf unter info@on-frame.com<\/p><p><b>Ist es schwierig, die Strukturen zu montieren?<\/b><br \/>Die Montage kleiner Strukturen ist sehr einfach. Aus Sicherheitsgr\u00fcnden empfehlen wir, dass<br \/>gro\u00dfe Strukturen und Lichtrahmen von Fachleuten installiert werden.<\/p><p><b>Ist es schwierig, den Stoff zu wechseln?<\/b><br \/>Der Stoffwechsel ist einfach und geht schnell (bei gro\u00dfen Konstruktionen sind m\u00f6glicherweise 2 Personen erforderlich).<\/p><p><b>Neutrale Verpackung?<\/b><br \/>Auf Wunsch fertigen wir Verpackungen und Laschen aus neutralen Stoffen an.<\/p><p><b>Versandzeit?<\/b><br \/>Das h\u00e4ngt von dem bestellten Angebot ab.<br \/>F\u00fcr kleine Produktionen liefern wir ab 48h.<\/p><p><b>Versandkosten?<\/b><br \/>Der Inlandsversand ist kostenlos, wenn Sie mehr als \u20ac 1000 ausgeben, ansonsten kostet er \u20ac 9,91 pro Paket (au\u00dfer f\u00fcr Inseln).<\/p>\t\t\t\t\t<\/div>\n\t\t\t\t\t\t<\/div>\n\t\t\t\t<\/div>\n\t\t\t\t\t\t<\/div>\n\t\t\t\t\t<\/div>\n\t\t<\/div>\n\t\t\t\t\t\t\t\t<\/div>\n\t\t\t\t\t<\/div>\n\t\t<\/section>\n\t\t\t\t<section class=\"elementor-section elementor-top-section elementor-element elementor-element-50501823 elementor-section-boxed elementor-section-height-default elementor-section-height-default\" data-id=\"50501823\" data-element_type=\"section\" data-settings=\"{&quot;background_background&quot;:&quot;classic&quot;}\">\n\t\t\t\t\t\t<div class=\"elementor-container elementor-column-gap-default\">\n\t\t\t\t\t\t\t<div class=\"elementor-row\">\n\t\t\t\t\t<div class=\"elementor-column elementor-col-100 elementor-top-column elementor-element elementor-element-19b87746\" data-id=\"19b87746\" data-element_type=\"column\">\n\t\t\t<div class=\"elementor-column-wrap elementor-element-populated\">\n\t\t\t\t\t\t\t<div class=\"elementor-widget-wrap\">\n\t\t\t\t\t\t<section class=\"elementor-section elementor-inner-section elementor-element elementor-element-adc36a8 elementor-section-boxed elementor-section-height-default elementor-section-height-default\" data-id=\"adc36a8\" data-element_type=\"section\">\n\t\t\t\t\t\t<div class=\"elementor-container elementor-column-gap-default\">\n\t\t\t\t\t\t\t<div class=\"elementor-row\">\n\t\t\t\t\t<div class=\"elementor-column elementor-col-50 elementor-inner-column elementor-element elementor-element-7532340e\" data-id=\"7532340e\" data-element_type=\"column\">\n\t\t\t<div class=\"elementor-column-wrap elementor-element-populated\">\n\t\t\t\t\t\t\t<div class=\"elementor-widget-wrap\">\n\t\t\t\t\t\t<div class=\"elementor-element elementor-element-d8fb1d8 elementor-widget elementor-widget-text-editor\" data-id=\"d8fb1d8\" data-element_type=\"widget\" data-widget_type=\"text-editor.default\">\n\t\t\t\t<div class=\"elementor-widget-container\">\n\t\t\t\t\t\t\t\t<div class=\"elementor-text-editor elementor-clearfix\">\n\t\t\t\tErfahren Sie mehr \u00fcber die Qualit\u00e4t unserer Produkte\nDanke an die Foto- und Videogalerie!\t\t\t\t\t<\/div>\n\t\t\t\t\t\t<\/div>\n\t\t\t\t<\/div>\n\t\t\t\t\t\t<\/div>\n\t\t\t\t\t<\/div>\n\t\t<\/div>\n\t\t\t\t<div class=\"elementor-column elementor-col-50 elementor-inner-column elementor-element elementor-element-40a5e451\" data-id=\"40a5e451\" data-element_type=\"column\">\n\t\t\t<div class=\"elementor-column-wrap elementor-element-populated\">\n\t\t\t\t\t\t\t<div class=\"elementor-widget-wrap\">\n\t\t\t\t\t\t<div class=\"elementor-element elementor-element-324e4a09 elementor-align-center elementor-widget elementor-widget-button\" data-id=\"324e4a09\" data-element_type=\"widget\" data-widget_type=\"button.default\">\n\t\t\t\t<div class=\"elementor-widget-container\">\n\t\t\t\t\t<div class=\"elementor-button-wrapper\">\n\t\t\t<a href=\"https:\/\/www.on-frame.com\/de\/page\/galerie\/\" class=\"elementor-button-link elementor-button elementor-size-sm\" role=\"button\">\n\t\t\t\t\t\t<span class=\"elementor-button-content-wrapper\">\n\t\t\t\t\t\t<span class=\"elementor-button-text\">FOTOGRAFISCHES PORTFOLIO<\/span>\n\t\t<\/span>\n\t\t\t\t\t<\/a>\n\t\t<\/div>\n\t\t\t\t<\/div>\n\t\t\t\t<\/div>\n\t\t\t\t<div class=\"elementor-element elementor-element-1025c2bc elementor-align-center elementor-widget elementor-widget-button\" data-id=\"1025c2bc\" data-element_type=\"widget\" data-widget_type=\"button.default\">\n\t\t\t\t<div class=\"elementor-widget-container\">\n\t\t\t\t\t<div class=\"elementor-button-wrapper\">\n\t\t\t<a href=\"https:\/\/www.on-frame.com\/de\/page\/video-onframe\/\" class=\"elementor-button-link elementor-button elementor-size-sm\" role=\"button\">\n\t\t\t\t\t\t<span class=\"elementor-button-content-wrapper\">\n\t\t\t\t\t\t<span class=\"elementor-button-text\">VIDEO<\/span>\n\t\t<\/span>\n\t\t\t\t\t<\/a>\n\t\t<\/div>\n\t\t\t\t<\/div>\n\t\t\t\t<\/div>\n\t\t\t\t\t\t<\/div>\n\t\t\t\t\t<\/div>\n\t\t<\/div>\n\t\t\t\t\t\t\t\t<\/div>\n\t\t\t\t\t<\/div>\n\t\t<\/section>\n\t\t\t\t\t\t<\/div>\n\t\t\t\t\t<\/div>\n\t\t<\/div>\n\t\t\t\t\t\t\t\t<\/div>\n\t\t\t\t\t<\/div>\n\t\t<\/section>\n\t\t\t\t<section class=\"elementor-section elementor-top-section elementor-element elementor-element-2fa6361 elementor-section-boxed elementor-section-height-default elementor-section-height-default\" data-id=\"2fa6361\" data-element_type=\"section\" data-settings=\"{&quot;background_background&quot;:&quot;classic&quot;}\">\n\t\t\t\t\t\t<div class=\"elementor-container elementor-column-gap-default\">\n\t\t\t\t\t\t\t<div class=\"elementor-row\">\n\t\t\t\t\t<div class=\"elementor-column elementor-col-100 elementor-top-column elementor-element elementor-element-447e7f8\" data-id=\"447e7f8\" data-element_type=\"column\">\n\t\t\t<div class=\"elementor-column-wrap elementor-element-populated\">\n\t\t\t\t\t\t\t<div class=\"elementor-widget-wrap\">\n\t\t\t\t\t\t<div class=\"elementor-element elementor-element-202d02 elementor-widget elementor-widget-text-editor\" data-id=\"202d02\" data-element_type=\"widget\" data-widget_type=\"text-editor.default\">\n\t\t\t\t<div class=\"elementor-widget-container\">\n\t\t\t\t\t\t\t\t<div class=\"elementor-text-editor elementor-clearfix\">\n\t\t\t\t<p>Entdecken Sie FRAME\/LIGHTBOX mit ihrem eleganten Profil und WERDEN SIE JETZT UNSER H\u00c4NDLER*!<br>Jetzt auf SONDERPREISE zugreifen!<\/p>\t\t\t\t\t<\/div>\n\t\t\t\t\t\t<\/div>\n\t\t\t\t<\/div>\n\t\t\t\t<div class=\"elementor-element elementor-element-617826b elementor-widget elementor-widget-text-editor\" data-id=\"617826b\" data-element_type=\"widget\" data-widget_type=\"text-editor.default\">\n\t\t\t\t<div class=\"elementor-widget-container\">\n\t\t\t\t\t\t\t\t<div class=\"elementor-text-editor elementor-clearfix\">\n\t\t\t\t*Die Anmeldung ist kostenlos und mit keinerlei Verpflichtungen verbunden.\t\t\t\t\t<\/div>\n\t\t\t\t\t\t<\/div>\n\t\t\t\t<\/div>\n\t\t\t\t<section class=\"elementor-section elementor-inner-section elementor-element elementor-element-4c79b640 elementor-section-boxed elementor-section-height-default elementor-section-height-default\" data-id=\"4c79b640\" data-element_type=\"section\">\n\t\t\t\t\t\t<div class=\"elementor-container elementor-column-gap-default\">\n\t\t\t\t\t\t\t<div class=\"elementor-row\">\n\t\t\t\t\t<div class=\"elementor-column elementor-col-50 elementor-inner-column elementor-element elementor-element-1a26cd16\" data-id=\"1a26cd16\" data-element_type=\"column\">\n\t\t\t<div class=\"elementor-column-wrap elementor-element-populated\">\n\t\t\t\t\t\t\t<div class=\"elementor-widget-wrap\">\n\t\t\t\t\t\t<div class=\"elementor-element elementor-element-1d0d302a elementor-align-center elementor-widget elementor-widget-button\" data-id=\"1d0d302a\" data-element_type=\"widget\" data-widget_type=\"button.default\">\n\t\t\t\t<div class=\"elementor-widget-container\">\n\t\t\t\t\t<div class=\"elementor-button-wrapper\">\n\t\t\t<a href=\"https:\/\/www.on-frame.com\/de\/user\/login\" class=\"elementor-button-link elementor-button elementor-size-sm\" role=\"button\">\n\t\t\t\t\t\t<span class=\"elementor-button-content-wrapper\">\n\t\t\t\t\t\t<span class=\"elementor-button-text\">REGISTRIERUNG ALS VERK\u00c4UFER<\/span>\n\t\t<\/span>\n\t\t\t\t\t<\/a>\n\t\t<\/div>\n\t\t\t\t<\/div>\n\t\t\t\t<\/div>\n\t\t\t\t\t\t<\/div>\n\t\t\t\t\t<\/div>\n\t\t<\/div>\n\t\t\t\t<div class=\"elementor-column elementor-col-50 elementor-inner-column elementor-element elementor-element-5d605421\" data-id=\"5d605421\" data-element_type=\"column\">\n\t\t\t<div class=\"elementor-column-wrap elementor-element-populated\">\n\t\t\t\t\t\t\t<div class=\"elementor-widget-wrap\">\n\t\t\t\t\t\t<div class=\"elementor-element elementor-element-754f4f08 elementor-align-center elementor-widget elementor-widget-button\" data-id=\"754f4f08\" data-element_type=\"widget\" data-widget_type=\"button.default\">\n\t\t\t\t<div class=\"elementor-widget-container\">\n\t\t\t\t\t<div class=\"elementor-button-wrapper\">\n\t\t\t<a href=\"https:\/\/www.on-frame.com\/de\/page\/kontakt\" class=\"elementor-button-link elementor-button elementor-size-sm\" role=\"button\">\n\t\t\t\t\t\t<span class=\"elementor-button-content-wrapper\">\n\t\t\t\t\t\t<span class=\"elementor-button-text\">KONTAKTIEREN SIE UNS F\u00dcR WEITERE INFORMATIONEN<\/span>\n\t\t<\/span>\n\t\t\t\t\t<\/a>\n\t\t<\/div>\n\t\t\t\t<\/div>\n\t\t\t\t<\/div>\n\t\t\t\t\t\t<\/div>\n\t\t\t\t\t<\/div>\n\t\t<\/div>\n\t\t\t\t\t\t\t\t<\/div>\n\t\t\t\t\t<\/div>\n\t\t<\/section>\n\t\t\t\t\t\t<\/div>\n\t\t\t\t\t<\/div>\n\t\t<\/div>\n\t\t\t\t\t\t\t\t<\/div>\n\t\t\t\t\t<\/div>\n\t\t<\/section>\n\t\t\t\t\t\t\t\t\t<\/div>\n\t\t\t<\/div>\n\t\t\t\t\t<\/div>\n\t\t","protected":false},"excerpt":{"rendered":"<p>Kontaktieren Sie uns f\u00fcr weitere Informationen\u00a0 &gt;\u00a0\u00a0info@on-frame.com H\u00e4ufige Fragen Ich habe bereits eine Struktur, kann [&hellip;]<\/p>\n","protected":false},"author":2,"featured_media":0,"parent":0,"menu_order":0,"comment_status":"closed","ping_status":"closed","template":"","meta":{"_acf_changed":false,"inline_featured_image":false,"footnotes":""},"class_list":["post-10715","page","type-page","status-publish","hentry"],"acf":[],"yoast_head":"<!-- This site is optimized with the Yoast SEO plugin v24.8.1 - https:\/\/yoast.com\/wordpress\/plugins\/seo\/ -->\n<title>H\u00e4ufige Fragen - Onframe<\/title>\n<meta name=\"description\" content=\"Die Montage kleiner Strukturen ist sehr einfach, aber aus Sicherheitsgr\u00fcnden empfehlen wir, dassgro\u00dfe Strukturen und Lichtrahmen von Fachleuten installiert werden\" \/>\n<meta name=\"robots\" content=\"index, follow, max-snippet:-1, max-image-preview:large, max-video-preview:-1\" \/>\n<link rel=\"canonical\" href=\"https:\/\/www.on-frame.com\/de\/page\/haugen-gestellte-fragen-onframe\/\" \/>\n<meta property=\"og:locale\" content=\"de_DE\" \/>\n<meta property=\"og:type\" content=\"article\" \/>\n<meta property=\"og:title\" content=\"H\u00e4ufige Fragen - Onframe\" \/>\n<meta property=\"og:description\" content=\"Die Montage kleiner Strukturen ist sehr einfach, aber aus Sicherheitsgr\u00fcnden empfehlen wir, dassgro\u00dfe Strukturen und Lichtrahmen von Fachleuten installiert werden\" \/>\n<meta property=\"og:url\" content=\"https:\/\/www.on-frame.com\/de\/page\/haugen-gestellte-fragen-onframe\/\" \/>\n<meta property=\"og:site_name\" content=\"Onframe\" \/>\n<meta property=\"article:modified_time\" content=\"2026-03-25T16:15:29+00:00\" \/>\n<meta name=\"twitter:card\" content=\"summary_large_image\" \/>\n<meta name=\"twitter:label1\" content=\"Gesch\u00e4tzte Lesezeit\" \/>\n\t<meta name=\"twitter:data1\" content=\"2\u00a0Minuten\" \/>\n<script type=\"application\/ld+json\" class=\"yoast-schema-graph\">{\"@context\":\"https:\/\/schema.org\",\"@graph\":[{\"@type\":\"WebPage\",\"@id\":\"https:\/\/www.on-frame.com\/de\/page\/haugen-gestellte-fragen-onframe\/\",\"url\":\"https:\/\/www.on-frame.com\/de\/page\/haugen-gestellte-fragen-onframe\/\",\"name\":\"H\u00e4ufige Fragen - Onframe\",\"isPartOf\":{\"@id\":\"https:\/\/www.on-frame.com\/#website\"},\"datePublished\":\"2022-11-30T11:01:19+00:00\",\"dateModified\":\"2026-03-25T16:15:29+00:00\",\"description\":\"Die Montage kleiner Strukturen ist sehr einfach, aber aus Sicherheitsgr\u00fcnden empfehlen wir, dassgro\u00dfe Strukturen und Lichtrahmen von Fachleuten installiert werden\",\"breadcrumb\":{\"@id\":\"https:\/\/www.on-frame.com\/de\/page\/haugen-gestellte-fragen-onframe\/#breadcrumb\"},\"inLanguage\":\"de\",\"potentialAction\":[{\"@type\":\"ReadAction\",\"target\":[\"https:\/\/www.on-frame.com\/de\/page\/haugen-gestellte-fragen-onframe\/\"]}]},{\"@type\":\"BreadcrumbList\",\"@id\":\"https:\/\/www.on-frame.com\/de\/page\/haugen-gestellte-fragen-onframe\/#breadcrumb\",\"itemListElement\":[{\"@type\":\"ListItem\",\"position\":1,\"name\":\"Home\",\"item\":\"https:\/\/www.on-frame.com\/de\/\"},{\"@type\":\"ListItem\",\"position\":2,\"name\":\"H\u00e4ufige Fragen\"}]},{\"@type\":\"WebSite\",\"@id\":\"https:\/\/www.on-frame.com\/#website\",\"url\":\"https:\/\/www.on-frame.com\/\",\"name\":\"Onframe\",\"description\":\"Frame e Lightbox, insegne modulari per ogni ambiente\",\"potentialAction\":[{\"@type\":\"SearchAction\",\"target\":{\"@type\":\"EntryPoint\",\"urlTemplate\":\"https:\/\/www.on-frame.com\/?s={search_term_string}\"},\"query-input\":{\"@type\":\"PropertyValueSpecification\",\"valueRequired\":true,\"valueName\":\"search_term_string\"}}],\"inLanguage\":\"de\"}]}<\/script>\n<!-- \/ Yoast SEO plugin. -->","yoast_head_json":{"title":"H\u00e4ufige Fragen - Onframe","description":"Die Montage kleiner Strukturen ist sehr einfach, aber aus Sicherheitsgr\u00fcnden empfehlen wir, dassgro\u00dfe Strukturen und Lichtrahmen von Fachleuten installiert werden","robots":{"index":"index","follow":"follow","max-snippet":"max-snippet:-1","max-image-preview":"max-image-preview:large","max-video-preview":"max-video-preview:-1"},"canonical":"https:\/\/www.on-frame.com\/de\/page\/haugen-gestellte-fragen-onframe\/","og_locale":"de_DE","og_type":"article","og_title":"H\u00e4ufige Fragen - Onframe","og_description":"Die Montage kleiner Strukturen ist sehr einfach, aber aus Sicherheitsgr\u00fcnden empfehlen wir, dassgro\u00dfe Strukturen und Lichtrahmen von Fachleuten installiert werden","og_url":"https:\/\/www.on-frame.com\/de\/page\/haugen-gestellte-fragen-onframe\/","og_site_name":"Onframe","article_modified_time":"2026-03-25T16:15:29+00:00","twitter_card":"summary_large_image","twitter_misc":{"Gesch\u00e4tzte Lesezeit":"2\u00a0Minuten"},"schema":{"@context":"https:\/\/schema.org","@graph":[{"@type":"WebPage","@id":"https:\/\/www.on-frame.com\/de\/page\/haugen-gestellte-fragen-onframe\/","url":"https:\/\/www.on-frame.com\/de\/page\/haugen-gestellte-fragen-onframe\/","name":"H\u00e4ufige Fragen - Onframe","isPartOf":{"@id":"https:\/\/www.on-frame.com\/#website"},"datePublished":"2022-11-30T11:01:19+00:00","dateModified":"2026-03-25T16:15:29+00:00","description":"Die Montage kleiner Strukturen ist sehr einfach, aber aus Sicherheitsgr\u00fcnden empfehlen wir, dassgro\u00dfe Strukturen und Lichtrahmen von Fachleuten installiert werden","breadcrumb":{"@id":"https:\/\/www.on-frame.com\/de\/page\/haugen-gestellte-fragen-onframe\/#breadcrumb"},"inLanguage":"de","potentialAction":[{"@type":"ReadAction","target":["https:\/\/www.on-frame.com\/de\/page\/haugen-gestellte-fragen-onframe\/"]}]},{"@type":"BreadcrumbList","@id":"https:\/\/www.on-frame.com\/de\/page\/haugen-gestellte-fragen-onframe\/#breadcrumb","itemListElement":[{"@type":"ListItem","position":1,"name":"Home","item":"https:\/\/www.on-frame.com\/de\/"},{"@type":"ListItem","position":2,"name":"H\u00e4ufige Fragen"}]},{"@type":"WebSite","@id":"https:\/\/www.on-frame.com\/#website","url":"https:\/\/www.on-frame.com\/","name":"Onframe","description":"Frame e Lightbox, insegne modulari per ogni ambiente","potentialAction":[{"@type":"SearchAction","target":{"@type":"EntryPoint","urlTemplate":"https:\/\/www.on-frame.com\/?s={search_term_string}"},"query-input":{"@type":"PropertyValueSpecification","valueRequired":true,"valueName":"search_term_string"}}],"inLanguage":"de"}]}},"_links":{"self":[{"href":"https:\/\/www.on-frame.com\/de\/wp-json\/wp\/v2\/pages\/10715"}],"collection":[{"href":"https:\/\/www.on-frame.com\/de\/wp-json\/wp\/v2\/pages"}],"about":[{"href":"https:\/\/www.on-frame.com\/de\/wp-json\/wp\/v2\/types\/page"}],"author":[{"embeddable":true,"href":"https:\/\/www.on-frame.com\/de\/wp-json\/wp\/v2\/users\/2"}],"replies":[{"embeddable":true,"href":"https:\/\/www.on-frame.com\/de\/wp-json\/wp\/v2\/comments?post=10715"}],"version-history":[{"count":12,"href":"https:\/\/www.on-frame.com\/de\/wp-json\/wp\/v2\/pages\/10715\/revisions"}],"predecessor-version":[{"id":15457,"href":"https:\/\/www.on-frame.com\/de\/wp-json\/wp\/v2\/pages\/10715\/revisions\/15457"}],"wp:attachment":[{"href":"https:\/\/www.on-frame.com\/de\/wp-json\/wp\/v2\/media?parent=10715"}],"curies":[{"name":"wp","href":"https:\/\/api.w.org\/{rel}","templated":true}]}}